{"id":746,"date":"2023-07-17T08:23:11","date_gmt":"2023-07-17T08:23:11","guid":{"rendered":"https:\/\/dinhda-karsterlyrock.com\/?page_id=746"},"modified":"2026-01-07T09:00:13","modified_gmt":"2026-01-07T02:00:13","slug":"chinh-sach-thanh-toan","status":"publish","type":"page","link":"https:\/\/dinhda-karsterlyrock.com\/vi\/gioi-thieu-ve-doanh-nghiep\/chinh-sach-thanh-toan\/","title":{"rendered":"Ch\u00ednh s\u00e1ch thanh to\u00e1n"},"content":{"rendered":"\t\t<div data-elementor-type=\"wp-page\" data-elementor-id=\"746\" class=\"elementor elementor-746\" data-elementor-post-type=\"page\">\n\t\t\t\t<div class=\"elementor-element elementor-element-40d74a68 e-flex e-con-boxed e-con e-parent\" data-id=\"40d74a68\" data-element_type=\"container\" data-e-type=\"container\">\n\t\t\t\t\t<div class=\"e-con-inner\">\n\t\t\t\t<div class=\"elementor-element elementor-element-b8d6c94 elementor-widget elementor-widget-text-editor\" data-id=\"b8d6c94\" data-element_type=\"widget\" data-e-type=\"widget\" data-widget_type=\"text-editor.default\">\n\t\t\t\t\t\t\t\t\t<p>H\u00ecnh th\u1ee9c thanh tho\u00e1n H\u00ecnh th\u1ee9c mua h\u00e0ng v\u00e0 thanh to\u00e1n t\u1ea1i h\u1ec7 th\u1ed1ng dinhda-karsterlyrock.com<strong>\u00a0<\/strong>\u0111\u01b0\u1ee3c th\u1ef1c hi\u1ec7n nh\u01b0 sau<\/p>\n<p><\/p>\n<p><\/p>\n<p><strong>1. Ph\u01b0\u01a1ng th\u1ee9c giao h\u00e0ng \u2013 Tr\u1ea3 ti\u1ec1n<\/strong><\/p>\n<p><\/p>\n<p><\/p>\n<p><strong><em>a. H\u00ecnh th\u1ee9c thanh to\u00e1n khi mua h\u00e0ng t\u1ea1i <\/em>dinhda-karsterlyrock.com<\/strong>. Ph\u01b0\u01a1ng th\u1ee9c Giao h\u00e0ng \u2013 \u00a0Tr\u1ea3 ti\u1ec1n m\u1eb7t ch\u1ec9 \u00e1p d\u1ee5ng \u0111\u1ed1i v\u1edbi nh\u1eefng khu v\u1ef1c ch\u00fang t\u00f4i h\u1ed7 tr\u1ee3 giao nh\u1eadn mi\u1ec5n ph\u00ed Ho\u1eb7c tr\u1ea3 ti\u1ec1n mua h\u00e0ng tr\u1ef1c ti\u1ebfp t\u1ea1i: Nh\u00e0 ngh\u1ec9 Dinh \u0110\u00e1, Th\u00f4n Ng\u00e0i L\u1ee7ng, th\u1ecb tr\u1ea5n \u0110\u1ed3ng V\u0103n, huy\u1ec7n \u0110\u1ed3ng V\u0103n, t\u1ec9nh H\u00e0 Giang.<\/p>\n<p><\/p>\n<p><\/p>\n<p><strong><em>b. H\u00ecnh th\u1ee9c thanh to\u00e1n tr\u01b0\u1edbc<\/em><\/strong>: Chuy\u1ec3n ti\u1ec1n, chuy\u1ec3n kho\u1ea3n, thanh to\u00e1n tr\u1ef1c ti\u1ebfp b\u1eb1ng ti\u1ec1n m\u1eb7t t\u1ea1i nh\u00e0 ngh\u1ec9 c\u1ee7a ch\u00fang t\u00f4i. H\u00ecnh th\u1ee9c chuy\u1ec3n ti\u1ec1n\/chuy\u1ec3n kho\u1ea3n qua ng\u00e2n h\u00e0ng<\/p>\n<p><\/p>\n<p><\/p>\n<p><strong><em>c. H\u00ecnh th\u1ee9c chuy\u1ec3n ti\u1ec1n\/chuy\u1ec3n kho\u1ea3n qua ng\u00e2n h\u00e0ng<\/em><\/strong>\u00a0\u00c1p d\u1ee5ng cho kh\u00e1ch h\u00e0ng ngo\u00e0i khu v\u1ef1c h\u1ed7 tr\u1ee3 giao nh\u1eadn mi\u1ec5n ph\u00ed. Ho\u1eb7c kh\u00e1ch h\u00e0ng c\u00f3 nhu c\u1ea7u s\u1eed d\u1ee5ng ph\u01b0\u01a1ng th\u1ee9c thanh to\u00e1n n\u00e0y.<\/p>\n<p><\/p>\n<p><\/p>\n<p><strong>* Th\u00f4ng tin chuy\u1ec3n kho\u1ea3n:<\/strong><\/p>\n<p><\/p>\n<p><\/p>\n<table width=\"466\">\n<tbody>\n<tr>\n<td width=\"253\"><b>Ng\u00e2n h\u00e0ng\u00a0<\/b><\/td>\n<td width=\"111\"><b>Ng\u01b0\u1eddi th\u1ee5 h\u01b0\u1edfng<\/b><\/td>\n<td width=\"102\"><b>T\u00e0i kho\u1ea3n<\/b><\/td>\n<\/tr>\n<tr>\n<td rowspan=\"2\" width=\"253\">Ng\u00e2n h\u00e0ng N\u00f4ng Nghi\u1ec7p &amp; Ph\u00e1t Tri\u1ec3n N\u00f4ng Th\u00f4n (Agribank) \u2013 Chi nh\u00e1nh M\u00e8o V\u1ea1c<\/td>\n<td>Tr\u1ea7n Qu\u1ed1c B\u1ea3o<\/td>\n<td><i>8203<b>234566868<\/b><\/i><\/td>\n<\/tr>\n<tr>\n<td>Tr\u1ea7n Minh Th\u00e1i<\/td>\n<td>8203<b>456786868<\/b><\/td>\n<\/tr>\n<\/tbody>\n<\/table>\n<p><\/p>\n<p><\/p>\n<p>CH\u00daNG T\u00d4I S\u1ebc T\u1eea CH\u1ed0I THANH TO\u00c1N N\u1ebeU TH\u00d4NG TIN KH\u00d4NG N\u1eb0M TRONG C\u00c1C T\u00c0I KHO\u1ea2N \u1ede DANH M\u1ee4C TR\u00caN. V\u00c0 KH\u00d4NG CH\u1ecaU B\u1ea4T C\u1ee8 TR\u00c1CH NHI\u1ec6M G\u00cc V\u1ec0 VI\u1ec6C QU\u00dd KH\u00c1CH GIAO D\u1ecaCH CHUY\u1ec2N TI\u1ec0N CHO \u0110\u01a0N V\u1eca C\u00c1 NH\u00c2N KH\u00c1C TH\u00d4NG TIN TR\u00caN.<\/p>\n<p><\/p>\t\t\t\t\t\t\t\t<\/div>\n\t\t\t\t\t<\/div>\n\t\t\t\t<\/div>\n\t\t\t\t<\/div>\n\t\t","protected":false},"excerpt":{"rendered":"<p>H\u00ecnh th\u1ee9c thanh tho\u00e1n H\u00ecnh th\u1ee9c mua h\u00e0ng v\u00e0 thanh to\u00e1n t\u1ea1i h\u1ec7 th\u1ed1ng dinhda-karsterlyrock.com\u00a0\u0111\u01b0\u1ee3c th\u1ef1c hi\u1ec7n nh\u01b0 sau 1. Ph\u01b0\u01a1ng th\u1ee9c giao h\u00e0ng \u2013 Tr\u1ea3 ti\u1ec1n a. H\u00ecnh th\u1ee9c thanh to\u00e1n khi mua h\u00e0ng t\u1ea1i dinhda-karsterlyrock.com. Ph\u01b0\u01a1ng th\u1ee9c Giao h\u00e0ng \u2013 \u00a0Tr\u1ea3 ti\u1ec1n m\u1eb7t ch\u1ec9 \u00e1p d\u1ee5ng \u0111\u1ed1i v\u1edbi nh\u1eefng khu v\u1ef1c ch\u00fang t\u00f4i [&hellip;]<\/p>\n","protected":false},"author":2,"featured_media":0,"parent":1132,"menu_order":0,"comment_status":"closed","ping_status":"closed","template":"elementor_theme","meta":{"footnotes":""},"class_list":["post-746","page","type-page","status-publish","hentry"],"_links":{"self":[{"href":"https:\/\/dinhda-karsterlyrock.com\/vi\/wp-json\/wp\/v2\/pages\/746","targetHints":{"allow":["GET"]}}],"collection":[{"href":"https:\/\/dinhda-karsterlyrock.com\/vi\/wp-json\/wp\/v2\/pages"}],"about":[{"href":"https:\/\/dinhda-karsterlyrock.com\/vi\/wp-json\/wp\/v2\/types\/page"}],"author":[{"embeddable":true,"href":"https:\/\/dinhda-karsterlyrock.com\/vi\/wp-json\/wp\/v2\/users\/2"}],"replies":[{"embeddable":true,"href":"https:\/\/dinhda-karsterlyrock.com\/vi\/wp-json\/wp\/v2\/comments?post=746"}],"version-history":[{"count":0,"href":"https:\/\/dinhda-karsterlyrock.com\/vi\/wp-json\/wp\/v2\/pages\/746\/revisions"}],"up":[{"embeddable":true,"href":"https:\/\/dinhda-karsterlyrock.com\/vi\/wp-json\/wp\/v2\/pages\/1132"}],"wp:attachment":[{"href":"https:\/\/dinhda-karsterlyrock.com\/vi\/wp-json\/wp\/v2\/media?parent=746"}],"curies":[{"name":"wp","href":"https:\/\/api.w.org\/{rel}","templated":true}]}}