{"id":745,"date":"2023-07-17T08:00:08","date_gmt":"2023-07-17T08:00:08","guid":{"rendered":"https:\/\/dinhda-karsterlyrock.com\/?page_id=745"},"modified":"2026-01-07T09:01:49","modified_gmt":"2026-01-07T02:01:49","slug":"quy-trinh-dat-dich-vu-va-chinh-sach-doi-tra","status":"publish","type":"page","link":"https:\/\/dinhda-karsterlyrock.com\/vi\/gioi-thieu-ve-doanh-nghiep\/quy-trinh-dat-dich-vu-va-chinh-sach-doi-tra\/","title":{"rendered":"Quy tr\u00ecnh \u0111\u1eb7t ph\u00f2ng v\u00e0 ch\u00ednh s\u00e1ch \u0111\u1ed5i tr\u1ea3 d\u1ecbch v\u1ee5"},"content":{"rendered":"\t\t<div data-elementor-type=\"wp-page\" data-elementor-id=\"745\" class=\"elementor elementor-745\" data-elementor-post-type=\"page\">\n\t\t\t\t<div class=\"elementor-element elementor-element-d620787 e-flex e-con-boxed e-con e-parent\" data-id=\"d620787\" data-element_type=\"container\" data-e-type=\"container\">\n\t\t\t\t\t<div class=\"e-con-inner\">\n\t\t<div class=\"elementor-element elementor-element-0ab7597 e-con-full e-flex e-con e-child\" data-id=\"0ab7597\" data-element_type=\"container\" data-e-type=\"container\">\n\t\t\t\t<div class=\"elementor-element elementor-element-1dc45f8 elementor-widget elementor-widget-text-editor\" data-id=\"1dc45f8\" data-element_type=\"widget\" data-e-type=\"widget\" data-widget_type=\"text-editor.default\">\n\t\t\t\t\t\t\t\t\t<h1 data-pm-slice=\"0 0 []\">QUY TR\u00ccNH \u0110\u1eb6T PH\u00d2NG V\u00c0 CH\u00cdNH S\u00c1CH D\u1ecaCH V\u1ee4<\/h1><p>Ch\u00e0o m\u1eebng qu\u00fd kh\u00e1ch \u0111\u1ebfn v\u1edbi Dinh \u0110\u00e1 H\u2019M\u00f4ng &#8211; Karsterly Rock Lodge. \u0110\u1ec3 \u0111\u1ea3m b\u1ea3o quy\u1ec1n l\u1ee3i c\u1ee7a qu\u00fd kh\u00e1ch h\u00e0ng v\u00e0 s\u1ef1 v\u1eadn h\u00e0nh chuy\u00ean nghi\u1ec7p c\u1ee7a khu ngh\u1ec9, ch\u00fang t\u00f4i xin th\u00f4ng b\u00e1o quy tr\u00ecnh \u0111\u1eb7t ph\u00f2ng v\u00e0 c\u00e1c ch\u00ednh s\u00e1ch d\u1ecbch v\u1ee5 chi ti\u1ebft nh\u01b0 sau.<\/p><h2>1. QUY \u0110\u1ecaNH V\u1ec0 TH\u1edcI GIAN NH\u1eacN &amp; TR\u1ea2 PH\u00d2NG (CHECK-IN \/ CHECK-OUT)<\/h2><p>Th\u1eddi gian l\u01b0u tr\u00fa \u0111\u01b0\u1ee3c t\u00ednh d\u1ef1a tr\u00ean s\u1ed1 \u0111\u00eam ngh\u1ec9 t\u1ea1i khu ngh\u1ec9 d\u01b0\u1ee1ng.<\/p><ul><li><strong>Gi\u1edd Nh\u1eadn ph\u00f2ng (Check-in):<\/strong> T\u1eeb <strong>14:00<\/strong> chi\u1ec1u.<ul><li><em>L\u01b0u \u00fd: N\u1ebfu qu\u00fd kh\u00e1ch \u0111\u1ebfn s\u1edbm h\u01a1n gi\u1edd quy \u0111\u1ecbnh, vi\u1ec7c nh\u1eadn ph\u00f2ng s\u1edbm s\u1ebd t\u00f9y thu\u1ed9c v\u00e0o t\u00ecnh tr\u1ea1ng ph\u00f2ng tr\u1ed1ng th\u1ef1c t\u1ebf v\u00e0 c\u00f3 th\u1ec3 \u00e1p d\u1ee5ng ph\u1ee5 ph\u00ed.<\/em><\/li><\/ul><\/li><li><strong>Gi\u1edd Tr\u1ea3 ph\u00f2ng (Check-out):<\/strong> Tr\u01b0\u1edbc <strong>12:00<\/strong> s\u00e1ng.<ul><li><em>Vi\u1ec7c tr\u1ea3 ph\u00f2ng mu\u1ed9n sau 12:00 c\u00f3 th\u1ec3 ph\u00e1t sinh th\u00eam ph\u00ed t\u01b0\u01a1ng \u1ee9ng v\u1edbi 30% &#8211; 100% gi\u00e1 ph\u00f2ng t\u00f9y v\u00e0o th\u1eddi gian tr\u1ea3 tr\u1ec5.<\/em><\/li><\/ul><\/li><\/ul><p><strong>Quy \u0111\u1ecbnh v\u1ec1 gi\u1ea5y t\u1edd t\u00f9y th\u00e2n:<\/strong> Theo quy \u0111\u1ecbnh c\u1ee7a ph\u00e1p lu\u1eadt Vi\u1ec7t Nam v\u00e0 quy \u0111\u1ecbnh an ninh bi\u00ean gi\u1edbi (khu v\u1ef1c H\u00e0 Giang), khi nh\u1eadn ph\u00f2ng, qu\u00fd kh\u00e1ch vui l\u00f2ng xu\u1ea5t tr\u00ecnh b\u1ea3n g\u1ed1c c\u1ee7a m\u1ed9t trong c\u00e1c gi\u1ea5y t\u1edd sau cho L\u1ec5 t\u00e2n \u0111\u1ec3 l\u00e0m th\u1ee7 t\u1ee5c khai b\u00e1o t\u1ea1m tr\u00fa:<\/p><ol><li><strong>C\u0103n c\u01b0\u1edbc c\u00f4ng d\u00e2n \/ Ch\u1ee9ng minh nh\u00e2n d\u00e2n<\/strong> (\u0111\u1ed1i v\u1edbi kh\u00e1ch Qu\u1ed1c t\u1ecbch Vi\u1ec7t Nam).<\/li><li><strong>H\u1ed9 chi\u1ebfu (Passport) v\u00e0 Th\u1ecb th\u1ef1c (Visa)<\/strong> c\u00f2n h\u1ea1n (\u0111\u1ed1i v\u1edbi kh\u00e1ch Qu\u1ed1c t\u1ecbch n\u01b0\u1edbc ngo\u00e0i).<ul><li><em>Nh\u00e0 ngh\u1ec9 h\u1ed7 tr\u1ee3 h\u01b0\u1edbng d\u1eabn th\u1ee7 t\u1ee5c gi\u1ea5y ph\u00e9p bi\u00ean gi\u1edbi cho ng\u01b0\u1eddi n\u01b0\u1edbc ngo\u00e0i n\u1ebfu \u0111\u01b0\u1ee3c y\u00eau c\u1ea7u tr\u01b0\u1edbc.<\/em><\/li><li><em>Ch\u00fang t\u00f4i ch\u1ec9 ch\u1ee5p \u1ea3nh\/scan gi\u1ea5y t\u1edd \u0111\u1ec3 khai b\u00e1o v\u00e0 <strong>kh\u00f4ng gi\u1eef b\u1ea3n g\u1ed1c<\/strong> c\u1ee7a qu\u00fd kh\u00e1ch.<\/em><\/li><\/ul><\/li><\/ol><h2>2. QUY TR\u00ccNH \u0110\u1eb6T PH\u00d2NG V\u00c0 THANH TO\u00c1N<\/h2><p>\u0110\u1ec3 vi\u1ec7c \u0111\u1eb7t ph\u00f2ng \u0111\u01b0\u1ee3c x\u00e1c nh\u1eadn nhanh ch\u00f3ng, qu\u00fd kh\u00e1ch vui l\u00f2ng tu\u00e2n th\u1ee7 quy tr\u00ecnh sau:<\/p><h3>B\u01b0\u1edbc 1: T\u01b0 v\u1ea5n v\u00e0 Ki\u1ec3m tra ph\u00f2ng<\/h3><ul><li><strong>Website:<\/strong> Truy c\u1eadp dinhda-karsterlyrock.com \u0111\u1ec3 xem h\u1ea1ng ph\u00f2ng v\u00e0 gi\u00e1 ni\u00eam y\u1ebft c\u00f4ng khai.<\/li><li><strong>Hotline\/Zalo:<\/strong> Li\u00ean h\u1ec7 tr\u1ef1c ti\u1ebfp qua s\u1ed1 \u0111i\u1ec7n tho\u1ea1i c\u1ee7a khu ngh\u1ec9.<\/li><li><strong>Email:<\/strong> G\u1eedi y\u00eau c\u1ea7u \u0111\u1ebfn booking@dinhda-karsterlyrock.com.<\/li><\/ul><h3>B\u01b0\u1edbc 2: X\u00e1c nh\u1eadn v\u00e0 \u0110\u1eb7t c\u1ecdc<\/h3><p>Sau khi ch\u1ed1t h\u1ea1ng ph\u00f2ng v\u00e0 ng\u00e0y \u0111i, Dinh \u0110\u00e1 H\u2019M\u00f4ng s\u1ebd g\u1eedi <strong>X\u00e1c nh\u1eadn \u0111\u1eb7t ph\u00f2ng (Booking Confirmation)<\/strong> t\u1ea1m th\u1eddi k\u00e8m th\u00f4ng tin t\u00e0i kho\u1ea3n ng\u00e2n h\u00e0ng.<\/p><ul><li>Qu\u00fd kh\u00e1ch vui l\u00f2ng thanh to\u00e1n \u0111\u1eb7t c\u1ecdc \u0111\u1ec3 gi\u1eef ph\u00f2ng.<\/li><li>N\u1ed9i dung chuy\u1ec3n kho\u1ea3n: <b>T\u00ean Kh\u00e1ch H\u00e0ng &#8211; S\u1ed1 \u0111i\u1ec7n tho\u1ea1i &#8211; Ng\u00e0y nh\u1eadn ph\u00f2ng.<\/b><\/li><\/ul><h3>B\u01b0\u1edbc 3: Ho\u00e0n t\u1ea5t \u0111\u1eb7t ph\u00f2ng<\/h3><p>Sau khi nh\u1eadn \u0111\u01b0\u1ee3c ti\u1ec1n c\u1ecdc, h\u1ec7 th\u1ed1ng s\u1ebd g\u1eedi x\u00e1c nh\u1eadn \u0111\u1eb7t ph\u00f2ng ch\u00ednh th\u1ee9c qua Email\/Zalo\/SMS. Booking ch\u1ec9 c\u00f3 gi\u00e1 tr\u1ecb khi \u0111\u00e3 nh\u1eadn \u0111\u01b0\u1ee3c x\u00e1c nh\u1eadn n\u00e0y.<\/p><h2>3. C\u00c1C H\u1ea0NG M\u1ee8C GI\u00c1 V\u00c0 CH\u00cdNH S\u00c1CH HO\u00c0N H\u1ee6Y<\/h2><p>Ch\u00fang t\u00f4i \u00e1p d\u1ee5ng c\u00e1c ch\u00ednh s\u00e1ch gi\u00e1 linh ho\u1ea1t \u0111\u1ec3 ph\u00f9 h\u1ee3p v\u1edbi nhu c\u1ea7u c\u1ee7a t\u1eebng \u0111\u1ed1i t\u01b0\u1ee3ng kh\u00e1ch h\u00e0ng:<\/p><h3>A. G\u00f3i Gi\u00e1 Linh Ho\u1ea1t (Flexible Rate)<\/h3><p>D\u00e0nh cho kh\u00e1ch h\u00e0ng mu\u1ed1n s\u1ef1 ch\u1ee7 \u0111\u1ed9ng, c\u00f3 th\u1ec3 thay \u0111\u1ed5i l\u1ecbch tr\u00ecnh.<\/p><ul><li><strong>\u0110\u1eb7t c\u1ecdc:<\/strong> Thanh to\u00e1n tr\u01b0\u1edbc <strong>30% &#8211; 50%<\/strong> t\u1ed5ng gi\u00e1 tr\u1ecb booking.<\/li><li><strong>H\u1ee7y ph\u00f2ng:<\/strong><ul><li>H\u1ee7y tr\u01b0\u1edbc <strong>15 ng\u00e0y<\/strong> so v\u1edbi ng\u00e0y nh\u1eadn ph\u00f2ng: Ho\u00e0n ti\u1ec1n 100% ti\u1ec1n c\u1ecdc (Tr\u1eeb ph\u00ed giao d\u1ecbch ng\u00e2n h\u00e0ng n\u1ebfu c\u00f3).<\/li><li>H\u1ee7y t\u1eeb <strong>7 \u0111\u1ebfn 14 ng\u00e0y<\/strong> tr\u01b0\u1edbc ng\u00e0y nh\u1eadn ph\u00f2ng: B\u1ea3o l\u01b0u ti\u1ec1n c\u1ecdc cho l\u1ea7n \u0111\u1eb7t sau (th\u1eddi h\u1ea1n b\u1ea3o l\u01b0u 3 th\u00e1ng) ho\u1eb7c ph\u1ea1t 50% ti\u1ec1n c\u1ecdc.<\/li><li>H\u1ee7y trong v\u00f2ng <strong>7 ng\u00e0y<\/strong> tr\u01b0\u1edbc ng\u00e0y nh\u1eadn ph\u00f2ng ho\u1eb7c kh\u00f4ng \u0111\u1ebfn (No-show): Ph\u1ea1t 100% ti\u1ec1n c\u1ecdc.<\/li><\/ul><\/li><\/ul><h3>B. G\u00f3i Gi\u00e1 Ti\u1ebft Ki\u1ec7m (Non-refundable Rate)<\/h3><p>D\u00e0nh cho kh\u00e1ch h\u00e0ng \u0111\u00e3 ch\u1eafc ch\u1eafn v\u1ec1 l\u1ecbch tr\u00ecnh, mu\u1ed1n h\u01b0\u1edfng m\u1ee9c gi\u00e1 \u01b0u \u0111\u00e3i t\u1ed1t nh\u1ea5t.<\/p><ul><li><strong>Thanh to\u00e1n:<\/strong> Thanh to\u00e1n <strong>100%<\/strong> t\u1ed5ng gi\u00e1 tr\u1ecb booking ngay khi \u0111\u1eb7t.<\/li><li><strong>Ch\u00ednh s\u00e1ch:<\/strong> Kh\u00f4ng ho\u00e0n ti\u1ec1n, kh\u00f4ng h\u1ee7y, kh\u00f4ng \u0111\u1ed5i ng\u00e0y trong m\u1ecdi tr\u01b0\u1eddng h\u1ee3p (tr\u1eeb tr\u01b0\u1eddng h\u1ee3p B\u1ea5t kh\u1ea3 kh\u00e1ng).<\/li><\/ul><h3>C. Ch\u00ednh s\u00e1ch cho \u0110o\u00e0n v\u00e0 C\u00f4ng ty L\u1eef h\u00e0nh (TA\/OTA)<\/h3><p>\u00c1p d\u1ee5ng cho \u0111o\u00e0n t\u1eeb 05 ph\u00f2ng tr\u1edf l\u00ean ho\u1eb7c \u0111\u1ed1i t\u00e1c k\u00fd h\u1ee3p \u0111\u1ed3ng.<\/p><ul><li><strong>\u0110\u1eb7t c\u1ecdc:<\/strong> L\u1ea7n 1 (30% ngay khi k\u00fd H\u1ee3p \u0111\u1ed3ng\/X\u00e1c nh\u1eadn), L\u1ea7n 2 (ho\u00e0n t\u1ea5t 100% tr\u01b0\u1edbc khi \u0111o\u00e0n check-in 15 &#8211; 30 ng\u00e0y).<\/li><li><strong>H\u1ee7y \u0111o\u00e0n:<\/strong><ul><li>H\u1ee7y tr\u01b0\u1edbc 30 ng\u00e0y: Mi\u1ec5n ph\u00ed.<\/li><li>H\u1ee7y t\u1eeb 15-29 ng\u00e0y: Ph\u1ea1t 50% t\u1ed5ng gi\u00e1 tr\u1ecb h\u1ee3p \u0111\u1ed3ng.<\/li><li>H\u1ee7y trong v\u00f2ng 14 ng\u00e0y: Ph\u1ea1t 100% t\u1ed5ng gi\u00e1 tr\u1ecb h\u1ee3p \u0111\u1ed3ng.<\/li><li><em>L\u01b0u \u00fd: Danh s\u00e1ch \u0111o\u00e0n (Rooming list) c\u1ea7n g\u1eedi tr\u01b0\u1edbc 03 ng\u00e0y \u0111\u1ec3 l\u00e0m th\u1ee7 t\u1ee5c khai b\u00e1o.<\/em><\/li><\/ul><\/li><\/ul><h2>4. CH\u00cdNH S\u00c1CH TR\u1eba EM V\u00c0 GI\u01af\u1edcNG PH\u1ee4<\/h2><ul><li><strong>Tr\u1ebb em d\u01b0\u1edbi 6 tu\u1ed5i:<\/strong> Mi\u1ec5n ph\u00ed ng\u1ee7 chung gi\u01b0\u1eddng v\u1edbi b\u1ed1 m\u1eb9 (t\u1ed1i \u0111a 01 tr\u1ebb\/ph\u00f2ng).<\/li><li><strong>Tr\u1ebb em t\u1eeb 6 &#8211; 11 tu\u1ed5i:<\/strong> Ph\u1ee5 thu \u0103n s\u00e1ng v\u00e0 ph\u00ed d\u1ecbch v\u1ee5 (ng\u1ee7 chung gi\u01b0\u1eddng v\u1edbi b\u1ed1 m\u1eb9).<\/li><li><strong>Tr\u1ebb em t\u1eeb 12 tu\u1ed5i tr\u1edf l\u00ean:<\/strong> T\u00ednh nh\u01b0 ng\u01b0\u1eddi l\u1edbn.<\/li><li><strong>Gi\u01b0\u1eddng ph\u1ee5 (Extra bed):<\/strong>\u00a0Kh\u00f4ng th\u1ec3 th\u00eam gi\u01b0\u1eddng ph\u1ee5\/n\u00f4i, c\u0169i<\/li><\/ul><h2>5. TR\u01af\u1edcNG H\u1ee2P B\u1ea4T KH\u1ea2 KH\u00c1NG<\/h2><p>Trong tr\u01b0\u1eddng h\u1ee3p thi\u00ean tai (b\u00e3o l\u0169, s\u1ea1t l\u1edf \u0111\u1ea5t nghi\u00eam tr\u1ecdng g\u00e2y chia c\u1eaft giao th\u00f4ng l\u00ean khu v\u1ef1c H\u00e0 Giang), d\u1ecbch b\u1ec7nh, h\u1ecfa ho\u1ea1n, ho\u1eb7c l\u1ec7nh c\u1ea5m c\u1ee7a ch\u00ednh quy\u1ec1n \u0111\u1ecba ph\u01b0\u01a1ng <strong>(c\u00f3 v\u0103n b\u1ea3n ch\u00ednh th\u1ee9c):<\/strong><\/p><ol><li>Ch\u00fang t\u00f4i \u0111\u1ed3ng \u00fd cho ph\u00e9p qu\u00fd kh\u00e1ch <strong>d\u1eddi ng\u00e0y s\u1eed d\u1ee5ng d\u1ecbch v\u1ee5<\/strong> (b\u1ea3o l\u01b0u ti\u1ec1n c\u1ecdc) sang m\u1ed9t th\u1eddi \u0111i\u1ec3m th\u00edch h\u1ee3p trong v\u00f2ng 06 th\u00e1ng.<\/li><li>Tr\u01b0\u1eddng h\u1ee3p ho\u00e0n ti\u1ec1n s\u1ebd \u0111\u01b0\u1ee3c xem x\u00e9t c\u1ee5 th\u1ec3 d\u1ef1a tr\u00ean t\u00ecnh h\u00ecnh th\u1ef1c t\u1ebf v\u00e0 th\u1ecfa thu\u1eadn gi\u1eefa hai b\u00ean, \u01b0u ti\u00ean quy\u1ec1n l\u1ee3i c\u1ee7a kh\u00e1ch h\u00e0ng.<\/li><\/ol><h2>6. N\u1ed8I QUY L\u01afU TR\u00da V\u00c0 TR\u00c1CH NHI\u1ec6M<\/h2><h3>Tr\u00e1ch nhi\u1ec7m c\u1ee7a Kh\u00e1ch h\u00e0ng (B\u00ean Thu\u00ea)<\/h3><ul><li>T\u1ef1 b\u1ea3o qu\u1ea3n t\u01b0 trang, ti\u1ec1n b\u1ea1c v\u00e0 \u0111\u1ed3 d\u00f9ng c\u00e1 nh\u00e2n c\u00f3 gi\u00e1 tr\u1ecb. Nh\u00e0 ngh\u1ec9 kh\u00f4ng ch\u1ecbu tr\u00e1ch nhi\u1ec7m v\u1ec1 vi\u1ec7c m\u1ea5t m\u00e1t t\u00e0i s\u1ea3n c\u00e1 nh\u00e2n n\u1ebfu kh\u00f4ng g\u1eedi t\u1ea1i qu\u1ea7y L\u1ec5 t\u00e2n.<\/li><li>S\u1eed d\u1ee5ng thi\u1ebft b\u1ecb trong ph\u00f2ng \u0111\u00fang m\u1ee5c \u0111\u00edch. N\u1ebfu l\u00e0m h\u01b0 h\u1ecfng ho\u1eb7c m\u1ea5t m\u00e1t t\u00e0i s\u1ea3n c\u1ee7a nh\u00e0 ngh\u1ec9 (kh\u0103n, ga, thi\u1ebft b\u1ecb \u0111i\u1ec7n&#8230;), qu\u00fd kh\u00e1ch vui l\u00f2ng b\u1ed3i th\u01b0\u1eddng theo b\u1ea3ng gi\u00e1 quy \u0111\u1ecbnh.<\/li><li><strong>Gi\u1eef tr\u1eadt t\u1ef1 chung sau 22:00 \u0111\u00eam<\/strong> \u0111\u1ec3 \u0111\u1ea3m b\u1ea3o kh\u00f4ng gian ngh\u1ec9 ng\u01a1i cho c\u00e1c kh\u00e1ch h\u00e0ng kh\u00e1c.<\/li><li>Nghi\u00eam c\u1ea5m mang v\u00e0o khu ngh\u1ec9: V\u0169 kh\u00ed, ch\u1ea5t ch\u00e1y n\u1ed5, ch\u1ea5t \u0111\u1ed9c h\u1ea1i, c\u00e1c ch\u1ea5t k\u00edch th\u00edch\/ma t\u00fay b\u1ecb ph\u00e1p lu\u1eadt c\u1ea5m.<\/li><li>Kh\u00f4ng n\u1ea5u n\u01b0\u1edbng trong ph\u00f2ng ng\u1ee7 (tr\u1eeb c\u00e1c khu v\u1ef1c \u0111\u01b0\u1ee3c quy \u0111\u1ecbnh ho\u1eb7c h\u1ea1ng ph\u00f2ng c\u00f3 b\u1ebfp ri\u00eang).<\/li><\/ul><h3>Tr\u00e1ch nhi\u1ec7m c\u1ee7a Dinh \u0110\u00e1 H\u2019M\u00f4ng &#8211; Karsterly Rock Lodge (B\u00ean Cho Thu\u00ea)<\/h3><ul><li>\u0110\u1ea3m b\u1ea3o ph\u00f2ng \u1ed1c s\u1ea1ch s\u1ebd, ti\u1ec7n nghi v\u00e0 \u0111\u00fang h\u1ea1ng ph\u00f2ng kh\u00e1ch \u0111\u00e3 \u0111\u1eb7t.<\/li><li>H\u1ed7 tr\u1ee3 nhi\u1ec7t t\u00ecnh c\u00e1c th\u00f4ng tin du l\u1ecbch, \u0103n u\u1ed1ng, tham quan t\u1ea1i \u0111\u1ecba ph\u01b0\u01a1ng.<\/li><li>\u0110\u1ea3m b\u1ea3o an ninh, an to\u00e0n trong khu\u00f4n vi\u00ean khu ngh\u1ec9.<\/li><li>Cung c\u1ea5p h\u00f3a \u0111\u01a1n, ch\u1ee9ng t\u1eeb h\u1ee3p l\u1ec7 khi kh\u00e1ch h\u00e0ng y\u00eau c\u1ea7u (Vui l\u00f2ng b\u00e1o tr\u01b0\u1edbc khi check-out).<\/li><\/ul><p><em>M\u1ecdi th\u1eafc m\u1eafc ho\u1eb7c y\u00eau c\u1ea7u h\u1ed7 tr\u1ee3 \u0111\u1eb7c bi\u1ec7t, xin qu\u00fd kh\u00e1ch vui l\u00f2ng li\u00ean h\u1ec7:<\/em><\/p><ul><li><strong>Hotline:<\/strong>\u00a0+84 842 202 122<\/li><li><strong>Email:<\/strong> booking@dinhda-karsterlyrock.com<\/li><li><strong>Website:<\/strong>\u00a0dinhda-karsterlyrock.com<\/li><\/ul><p><strong>Dinh \u0110\u00e1 H\u2019M\u00f4ng &#8211; Karsterly Rock Lodge h\u00e2n h\u1ea1nh \u0111\u01b0\u1ee3c ph\u1ee5c v\u1ee5 Qu\u00fd kh\u00e1ch!<\/strong><\/p>\t\t\t\t\t\t\t\t<\/div>\n\t\t\t\t<\/div>\n\t\t\t\t\t<\/div>\n\t\t\t\t<\/div>\n\t\t\t\t<\/div>\n\t\t","protected":false},"excerpt":{"rendered":"<p>QUY TR\u00ccNH \u0110\u1eb6T PH\u00d2NG V\u00c0 CH\u00cdNH S\u00c1CH D\u1ecaCH V\u1ee4 Ch\u00e0o m\u1eebng qu\u00fd kh\u00e1ch \u0111\u1ebfn v\u1edbi Dinh \u0110\u00e1 H\u2019M\u00f4ng &#8211; Karsterly Rock Lodge. \u0110\u1ec3 \u0111\u1ea3m b\u1ea3o quy\u1ec1n l\u1ee3i c\u1ee7a qu\u00fd kh\u00e1ch h\u00e0ng v\u00e0 s\u1ef1 v\u1eadn h\u00e0nh chuy\u00ean nghi\u1ec7p c\u1ee7a khu ngh\u1ec9, ch\u00fang t\u00f4i xin th\u00f4ng b\u00e1o quy tr\u00ecnh \u0111\u1eb7t ph\u00f2ng v\u00e0 c\u00e1c ch\u00ednh s\u00e1ch d\u1ecbch v\u1ee5 [&hellip;]<\/p>\n","protected":false},"author":2,"featured_media":0,"parent":1132,"menu_order":0,"comment_status":"closed","ping_status":"closed","template":"","meta":{"footnotes":""},"class_list":["post-745","page","type-page","status-publish","hentry"],"_links":{"self":[{"href":"https:\/\/dinhda-karsterlyrock.com\/vi\/wp-json\/wp\/v2\/pages\/745","targetHints":{"allow":["GET"]}}],"collection":[{"href":"https:\/\/dinhda-karsterlyrock.com\/vi\/wp-json\/wp\/v2\/pages"}],"about":[{"href":"https:\/\/dinhda-karsterlyrock.com\/vi\/wp-json\/wp\/v2\/types\/page"}],"author":[{"embeddable":true,"href":"https:\/\/dinhda-karsterlyrock.com\/vi\/wp-json\/wp\/v2\/users\/2"}],"replies":[{"embeddable":true,"href":"https:\/\/dinhda-karsterlyrock.com\/vi\/wp-json\/wp\/v2\/comments?post=745"}],"version-history":[{"count":0,"href":"https:\/\/dinhda-karsterlyrock.com\/vi\/wp-json\/wp\/v2\/pages\/745\/revisions"}],"up":[{"embeddable":true,"href":"https:\/\/dinhda-karsterlyrock.com\/vi\/wp-json\/wp\/v2\/pages\/1132"}],"wp:attachment":[{"href":"https:\/\/dinhda-karsterlyrock.com\/vi\/wp-json\/wp\/v2\/media?parent=745"}],"curies":[{"name":"wp","href":"https:\/\/api.w.org\/{rel}","templated":true}]}}