{"id":743,"date":"2023-07-17T07:57:20","date_gmt":"2023-07-17T00:57:20","guid":{"rendered":"https:\/\/dinhda-karsterlyrock.com\/?page_id=743"},"modified":"2026-01-07T09:02:35","modified_gmt":"2026-01-07T02:02:35","slug":"chinh-sach-bao-mat-thong-tin","status":"publish","type":"page","link":"https:\/\/dinhda-karsterlyrock.com\/vi\/chinh-sach-bao-mat-thong-tin\/","title":{"rendered":"Ch\u00ednh s\u00e1ch b\u1ea3o m\u1eadt th\u00f4ng tin"},"content":{"rendered":"\t\t<div data-elementor-type=\"wp-page\" data-elementor-id=\"743\" class=\"elementor elementor-743 elementor-17650\" data-elementor-post-type=\"page\">\n\t\t\t\t<div class=\"elementor-element elementor-element-7c6457b7 e-flex e-con-boxed e-con e-parent\" data-id=\"7c6457b7\" data-element_type=\"container\" data-e-type=\"container\">\n\t\t\t\t\t<div class=\"e-con-inner\">\n\t\t\t\t<div class=\"elementor-element elementor-element-34253c28 elementor-widget elementor-widget-text-editor\" data-id=\"34253c28\" data-element_type=\"widget\" data-e-type=\"widget\" data-widget_type=\"text-editor.default\">\n\t\t\t\t\t\t\t\t\t<h2>1. M\u1ee5c \u0110\u00edch V\u00e0 Ph\u1ea1m Vi Thu Th\u1eadp Th\u00f4ng Tin<\/h2><p>Website\u00a0<strong>dinhda-karsterlyrock.com\u00a0<\/strong>kh\u00f4ng b\u00e1n, chia s\u1ebb hay trao \u0111\u1ed5i th\u00f4ng tin c\u00e1 nh\u00e2n c\u1ee7a kh\u00e1ch h\u00e0ng thu th\u1eadp tr\u00ean trang web cho m\u1ed9t b\u00ean th\u1ee9 ba n\u00e0o kh\u00e1c.<\/p><p>Th\u00f4ng tin c\u00e1 nh\u00e2n thu th\u1eadp \u0111\u01b0\u1ee3c s\u1ebd ch\u1ec9 \u0111\u01b0\u1ee3c s\u1eed d\u1ee5ng \u0111\u1ec3 c\u00f4ng ty cung c\u1ea5p s\u1ea3n ph\u1ea9m, d\u1ecbch v\u1ee5 \u0111\u1ebfn kh\u00e1ch h\u00e0ng.<\/p><p>Khi b\u1ea1n li\u00ean h\u1ec7 \u0111\u0103ng k\u00fd nh\u1eadn th\u00f4ng tin, chat v\u1edbi nh\u00e2n vi\u00ean, g\u1eedi b\u00ecnh lu\u1eadn v\u00e0 th\u1ef1c hi\u1ec7n nh\u1eadp th\u00f4ng tin \u0111\u1ec3 mua h\u00e0ng, th\u00f4ng tin c\u00e1 nh\u00e2n m\u00e0 website\u00a0<strong>dinhda-karsterlyrock.com\u00a0<\/strong>thu th\u1eadp bao g\u1ed3m: H\u1ecd v\u00e0 t\u00ean, \u0110\u1ecba ch\u1ec9, \u0110i\u1ec7n tho\u1ea1i, Email\u2026<\/p><p>Ngo\u00e0i th\u00f4ng tin c\u00e1 nh\u00e2n l\u00e0 c\u00e1c th\u00f4ng tin v\u1ec1 d\u1ecbch v\u1ee5: T\u00ean d\u1ecbch v\u1ee5\/S\u1ea3n ph\u1ea9m, S\u1ed1 l\u01b0\u1ee3ng, Th\u1eddi gian giao nh\u1eadn s\u1ea3n ph\u1ea9m\u2026<\/p><h2>2. Khi N\u00e0o Th\u00ec dinhda-karsterlyrock.com S\u1ebd Thu Th\u00e2p D\u1eef Li\u1ec7u C\u00e1 Nh\u00e2n?<\/h2><ol><li style=\"list-style-type: none;\"><ul><li>Khi b\u1ea1n \u0111\u0103ng k\u00fd v\u00e0\/ho\u1eb7c s\u1eed d\u1ee5ng c\u00e1c d\u1ecbch v\u1ee5 ho\u1eb7c n\u1ec1n t\u1ea3ng c\u1ee7a ch\u00fang t\u00f4i.<\/li><\/ul><\/li><\/ol><ul><li style=\"list-style-type: none;\"><ul><li>Khi b\u1ea1n g\u1eedi b\u1ea5t k\u1ef3 bi\u1ec3u m\u1eabu n\u00e0o, bao g\u1ed3m nh\u01b0ng kh\u00f4ng gi\u1edbi h\u1ea1n \u1edf \u0111\u01a1n \u0111\u0103ng k\u00fd ho\u1eb7c c\u00e1c m\u1eabu \u0111\u01a1n kh\u00e1c li\u00ean quan \u0111\u1ebfn b\u1ea5t k\u1ef3 s\u1ea3n ph\u1ea9m v\u00e0 d\u1ecbch v\u1ee5 n\u00e0o c\u1ee7a ch\u00fang t\u00f4i, b\u1eb1ng h\u00ecnh th\u1ee9c tr\u1ef1c tuy\u1ebfn hay d\u01b0\u1edbi h\u00ecnh th\u1ee9c kh\u00e1c.<\/li><\/ul><\/li><\/ul><ul><li style=\"list-style-type: none;\"><ul><li>Khi b\u1ea1n k\u00fd k\u1ebft b\u1ea5t k\u1ef3 th\u1ecfa thu\u1eadn n\u00e0o ho\u1eb7c cung c\u1ea5p c\u00e1c t\u00e0i li\u1ec7u ho\u1eb7c th\u00f4ng tin kh\u00e1c li\u00ean quan \u0111\u1ebfn t\u01b0\u01a1ng t\u00e1c gi\u1eefa b\u1ea1n v\u1edbi ch\u00fang t\u00f4i, ho\u1eb7c khi b\u1ea1n s\u1eed d\u1ee5ng c\u00e1c s\u1ea3n ph\u1ea9m v\u00e0 d\u1ecbch v\u1ee5 c\u1ee7a ch\u00fang t\u00f4i;<\/li><\/ul><\/li><\/ul><ul><li style=\"list-style-type: none;\"><ul><li>Khi b\u1ea1n t\u01b0\u01a1ng t\u00e1c v\u1edbi ch\u00fang t\u00f4i, ch\u1eb3ng h\u1ea1n nh\u01b0 th\u00f4ng qua c\u00e1c cu\u1ed9c g\u1ecdi \u0111i\u1ec7n tho\u1ea1i (c\u00f3 th\u1ec3 \u0111\u01b0\u1ee3c ghi \u00e2m l\u1ea1i), th\u01b0 t\u1eeb, fax, g\u1eb7p g\u1ee1 tr\u1ef1c ti\u1ebfp, c\u00e1c n\u1ec1n \u1ee9ng d\u1ee5ng truy\u1ec1n th\u00f4ng x\u00e3 h\u1ed9i v\u00e0 email;<\/li><\/ul><\/li><\/ul><ul><li style=\"list-style-type: none;\"><ul><li>Khi b\u1ea1n th\u1ef1c hi\u1ec7n c\u00e1c giao d\u1ecbch th\u00f4ng qua D\u1ecbch v\u1ee5 c\u1ee7a ch\u00fang t\u00f4i;<\/li><\/ul><\/li><\/ul><ul><li style=\"list-style-type: none;\"><ul><li>Khi b\u1ea1n cung c\u1ea5p \u00fd ki\u1ebfn ph\u1ea3n h\u1ed3i ho\u1eb7c g\u1eedi khi\u1ebfu n\u1ea1i cho ch\u00fang t\u00f4i;<\/li><\/ul><\/li><\/ul><ul><li style=\"list-style-type: none;\"><ul><li>Khi b\u1ea1n \u0111\u0103ng k\u00fd tham gia m\u1ed9t cu\u1ed9c thi;<\/li><\/ul><\/li><\/ul><ul><li style=\"list-style-type: none;\"><ul><li>Khi b\u1ea1n g\u1eedi d\u1eef li\u1ec7u c\u00e1 nh\u00e2n c\u1ee7a b\u1ea1n cho ch\u00fang t\u00f4i v\u00ec b\u1ea5t k\u1ef3 l\u00fd do g\u00ec.<\/li><\/ul><\/li><\/ul><p>Tr\u00ean \u0111\u00e2y ch\u1ec9 l\u00e0 m\u1ed9t s\u1ed1 tr\u01b0\u1eddng h\u1ee3p ph\u1ed5 bi\u1ebfn m\u00e0 ch\u00fang t\u00f4i thu th\u1eadp d\u1eef li\u1ec7u c\u00e1 nh\u00e2n c\u1ee7a b\u1ea1n, kh\u00f4ng ph\u1ea3n \u00e1nh h\u1ebft to\u00e0n b\u1ed9 c\u00e1c tr\u01b0\u1eddng h\u1ee3p m\u00e0 ch\u00fang t\u00f4i s\u1ebd thu th\u1eadp d\u1eef li\u1ec7u c\u00e1 nh\u00e2n c\u1ee7a b\u1ea1n.<\/p><h2>3. dinhda-karsterlyrock.com S\u1ebd Thu Th\u1eadp Nh\u1eefng S\u1ed1 Li\u1ec7u G\u00ec?<\/h2><p>Khi truy c\u1eadp v\u00e0 s\u1eed d\u1ee5ng c\u00e1c d\u1ecbch v\u1ee5 c\u1ee7a dinhda-karsterlyrock.com, qu\u00fd kh\u00e1ch s\u1ebd \u0111\u01b0\u1ee3c y\u00eau c\u1ea7u khai b\u00e1o c\u00e1c th\u00f4ng tin c\u00e1 nh\u00e2n nh\u01b0: h\u1ecd t\u00ean, \u0111\u1ecba ch\u1ec9 email, ng\u00e0y sinh, gi\u1edbi t\u00ednh, s\u1ed1 \u0111i\u1ec7n tho\u1ea1i li\u00ean h\u1ec7, \u2026 M\u1ecdi th\u00f4ng tin khai b\u00e1o \u0111\u1ec1u ph\u1ea3i ch\u00ednh x\u00e1c v\u00e0 h\u1ee3p ph\u00e1p \u0111\u1ec3 \u0111\u1ea3m quy\u1ec1n l\u1ee3i cho qu\u00fd kh\u00e1ch khi s\u1eed d\u1ee5ng d\u1ecbch v\u1ee5. Dinhda-karsterlyrock.com s\u1ebd kh\u00f4ng ch\u1ecbu tr\u00e1ch nhi\u1ec7m tr\u01b0\u1edbc ph\u00e1p lu\u1eadt c\u00e1c th\u00f4ng tin m\u00e0 qu\u00fd kh\u00e1ch \u0111\u00e3 khai b\u00e1o.<\/p><p>Ch\u00fang t\u00f4i c\u0169ng thu th\u1eadp th\u00f4ng tin c\u1ee7a b\u1ea1n tr\u00ean website nh\u01b0: s\u1ed1 l\u1ea7n gh\u00e9 th\u0103m trang web, s\u1ed1 trang \u0111\u00e3 xem, s\u1ed1 li\u00ean k\u1ebft b\u1ea1n \u0111\u00e3 click v\u00e0 c\u00e1c th\u00f4ng tin kh\u00e1c li\u00ean quan \u0111\u1ebfn vi\u1ec7c k\u1ebft n\u1ed1i t\u1edbi dinhda-karsterlyrock.com<\/p><p>Ngo\u00e0i ra, ch\u00fang t\u00f4i c\u00f2n thu th\u1eadp c\u00e1c th\u00f4ng tin tr\u00ecnh duy\u1ec7t Web b\u1ea1n d\u00f9ng \u0111\u1ec3 truy c\u1eadp v\u00e0o website c\u1ee7a dinhda-karsterlyrock.com bao g\u1ed3m: \u0111\u1ecba ch\u1ec9 IP, lo\u1ea1i tr\u00ecnh duy\u1ec7t, ng\u00f4n ng\u1eef, th\u1eddi gian v\u00e0 nh\u1eefng \u0111\u1ecba ch\u1ec9 li\u00ean k\u1ebft m\u00e0 tr\u00ecnh duy\u1ec7t truy c\u1eadp v\u00e0o.<\/p><h2><strong>4. Ph\u1ea1m Vi S\u1eed D\u1ee5ng Th\u00f4ng Tin<\/strong><\/h2><p>Th\u00f4ng tin c\u00e1 nh\u00e2n thu th\u1eadp \u0111\u01b0\u1ee3c s\u1ebd ch\u1ec9 \u0111\u01b0\u1ee3c website\u00a0<strong>dinhda-karsterlyrock.com\u00a0<\/strong>s\u1eed d\u1ee5ng trong n\u1ed9i b\u1ed9 c\u00f4ng ty v\u00e0 cho m\u1ed9t ho\u1eb7c t\u1ea5t c\u1ea3 c\u00e1c m\u1ee5c \u0111\u00edch sau \u0111\u00e2y:<\/p><ul><li style=\"list-style-type: none;\">\u00a0<\/li><\/ul><ul><li style=\"list-style-type: none;\"><ul><li>H\u1ed7 tr\u1ee3 kh\u00e1ch h\u00e0ng<\/li><\/ul><\/li><\/ul><ul><li style=\"list-style-type: none;\">\u00a0<\/li><\/ul><ul><li style=\"list-style-type: none;\"><ul><li>Cung c\u1ea5p th\u00f4ng tin li\u00ean quan \u0111\u1ebfn d\u1ecbch v\u1ee5<\/li><\/ul><\/li><\/ul><ul><li style=\"list-style-type: none;\">\u00a0<\/li><\/ul><ul><li style=\"list-style-type: none;\"><ul><li>X\u1eed l\u00fd \u0111\u01a1n \u0111\u1eb7t h\u00e0ng v\u00e0 cung c\u1ea5p d\u1ecbch v\u1ee5 v\u00e0 th\u00f4ng tin qua trang web c\u1ee7a ch\u00fang t\u00f4i theo y\u00eau c\u1ea7u c\u1ee7a b\u1ea1n<\/li><\/ul><\/li><\/ul><ul><li style=\"list-style-type: none;\">\u00a0<\/li><\/ul><ul><li style=\"list-style-type: none;\"><ul><li>Ch\u00fang t\u00f4i c\u00f3 th\u1ec3 s\u1ebd g\u1eedi th\u00f4ng tin s\u1ea3n ph\u1ea9m, d\u1ecbch v\u1ee5 m\u1edbi, th\u00f4ng tin v\u1ec1 c\u00e1c s\u1ef1 ki\u1ec7n s\u1eafp t\u1edbi ho\u1eb7c th\u00f4ng tin tuy\u1ec3n d\u1ee5ng n\u1ebfu Qu\u00fd kh\u00e1ch \u0111\u0103ng k\u00fd nh\u1eadn email th\u00f4ng b\u00e1o.<\/li><\/ul><\/li><\/ul><ul><li style=\"list-style-type: none;\">\u00a0<\/li><\/ul><ul><li style=\"list-style-type: none;\"><ul><li>Ngo\u00e0i ra, ch\u00fang t\u00f4i s\u1ebd s\u1eed d\u1ee5ng th\u00f4ng tin b\u1ea1n cung c\u1ea5p \u0111\u1ec3 h\u1ed7 tr\u1ee3 qu\u1ea3n l\u00fd t\u00e0i kho\u1ea3n kh\u00e1ch h\u00e0ng; x\u00e1c nh\u1eadn v\u00e0 th\u1ef1c hi\u1ec7n c\u00e1c giao d\u1ecbch t\u00e0i ch\u00ednh li\u00ean quan \u0111\u1ebfn c\u00e1c kho\u1ea3n thanh to\u00e1n tr\u1ef1c tuy\u1ebfn c\u1ee7a b\u1ea1n.<\/li><\/ul><\/li><\/ul><h2><strong>5. Th\u1eddi gian l\u01b0u tr\u1eef th\u00f4ng tin<\/strong><\/h2><p>\u0110\u1ed1i v\u1edbi th\u00f4ng tin c\u00e1 nh\u00e2n, website\u00a0<strong>dinhda-karsterlyrock.com\u00a0<\/strong>ch\u1ec9 x\u00f3a \u0111i d\u1eef li\u1ec7u n\u00e0y n\u1ebfu kh\u00e1ch h\u00e0ng c\u00f3 y\u00eau c\u1ea7u, kh\u00e1ch h\u00e0ng y\u00eau c\u1ea7u g\u1eedi mail v\u1ec1\u00a0help@dinhda-karsterlyrock.com<\/p><h2><strong>7. Nh\u1eefng Ng\u01b0\u1eddi Ho\u1eb7c T\u1ed5 Ch\u1ee9c C\u00f3 Th\u1ec3 \u0110\u01b0\u1ee3c Ti\u1ebfp C\u1eadn V\u1edbi Th\u00f4ng Tin C\u00e1 Nh\u00e2n<\/strong><\/h2><p>\u0110\u1ed1i t\u01b0\u1ee3ng \u0111\u01b0\u1ee3c ti\u1ebfp c\u1eadn v\u1edbi th\u00f4ng tin c\u00e1 nh\u00e2n c\u1ee7a kh\u00e1ch h\u00e0ng thu\u1ed9c m\u1ed9t trong nh\u1eefng tr\u01b0\u1eddng h\u1ee3p sau:<\/p><p>\u00a0H\u1ed8 KINH DOANH TR\u1ea6N MINH TH\u00c1I<\/p><ul><li style=\"list-style-type: none;\">\u00a0<\/li><\/ul><ul><li style=\"list-style-type: none;\"><ul><li>C\u00e1c \u0111\u1ed1i t\u00e1c c\u00f3 k\u00fd h\u1ee3p \u0111\u1ed9ng th\u1ef1c hi\u1ec7n m\u1ed9t ph\u1ea7n d\u1ecbch v\u1ee5 do C\u00f4ng ty. C\u00e1c \u0111\u1ed1i t\u00e1c n\u00e0y s\u1ebd nh\u1eadn \u0111\u01b0\u1ee3c nh\u1eefng th\u00f4ng tin theo th\u1ecfa thu\u1eadn h\u1ee3p \u0111\u1ed3ng (c\u00f3 th\u1ec3 m\u1ed9t ph\u1ea7n ho\u1eb7c to\u00e0n b\u1ed9 th\u00f4ng tin t\u00f9y theo \u0111i\u1ec1u kho\u1ea3n h\u1ee3p \u0111\u1ed3ng) \u0111\u1ec3 ti\u1ebfn h\u00e0nh h\u1ed7 tr\u1ee3 ng\u01b0\u1eddi d\u00f9ng s\u1eed d\u1ee5ng d\u1ecbch v\u1ee5 do C\u00f4ng ty cung c\u1ea5p.<\/li><\/ul><\/li><\/ul><h2><strong>8. \u0110\u1ecba Ch\u1ec9 C\u1ee7a \u0110\u01a1n V\u1ecb Thu Th\u1eadp V\u00e0 Qu\u1ea3n L\u00fd Th\u00f4ng Tin C\u00e1 Nh\u00e2n<\/strong><\/h2><p>H\u1ed8 KINH DOANH TR\u1ea6N MINH TH\u00c1I<\/p><p>\u0110\u1ecba ch\u1ec9:\u00a0S\u1ed1 28 t\u1ed5 1, th\u1ecb tr\u1ea5n M\u00e8o V\u1ea1c, huy\u1ec7n M\u00e8o V\u1ea1c, t\u1ec9nh H\u00e0 Giang, Vi\u1ec7t Nam.<\/p><p><span style=\"font-size: 1rem;\">Email: info@dinhda-karsterlyrock.com<\/span><\/p><p><span style=\"font-size: 1rem;\">\u0110i\u1ec7n tho\u1ea1i:\u00a00335728959<\/span><\/p><p><span style=\"font-size: 1rem;\">Hotline:\u00a0<\/span><span style=\"font-size: 1rem;\">\u00a00842 202 122<\/span><\/p><p><span style=\"font-size: 1rem;\">Website:\u00a0<\/span><\/p><ul><li style=\"list-style-type: none;\">\u00a0<\/li><\/ul><ul><li style=\"list-style-type: none;\"><ul><li><strong>dinhda-karsterlyrock.com<\/strong><\/li><li>giacxua.com<\/li><li>aubergemeovac.com<\/li><\/ul><\/li><\/ul><h2><strong>9. Ph\u01b0\u01a1ng ti\u1ec7n v\u00e0 c\u00f4ng c\u1ee5 \u0111\u1ec3 ng\u01b0\u1eddi d\u00f9ng ti\u1ebfp c\u1eadn v\u00e0 ch\u1ec9nh s\u1eeda d\u1eef li\u1ec7u c\u00e1 nh\u00e2n c\u1ee7a m\u00ecnh<\/strong><\/h2><p>Th\u00e0nh vi\u00ean c\u00f3 quy\u1ec1n ki\u1ec3m tra, c\u1eadp nh\u1eadt ho\u1eb7c h\u1ee7y b\u1ecf th\u00f4ng tin c\u00e1 nh\u00e2n c\u1ee7a m\u00ecnh, b\u1eb1ng c\u00e1ch \u0111\u0103ng nh\u1eadp v\u00e0o t\u00e0i kho\u1ea3n c\u1ee7a m\u00ecnh ho\u1eb7c y\u00eau c\u1ea7u dinhda-karsterlyrock.com th\u1ef1c hi\u1ec7n vi\u1ec7c n\u00e0y.<\/p><p>Khi c\u00f3 khi\u1ebfu n\u1ea1i, th\u00e0nh vi\u00ean c\u00f3 th\u1ec3 g\u1eedi khi\u1ebfu n\u1ea1i v\u1ec1 ban qu\u1ea3n tr\u1ecb c\u1ee7a dinhda-karsterlyrock.com t\u1ea1i \u0111\u1ecba ch\u1ec9 Email: help@dinhda-karsterlyrock.com; S\u1ed1 \u0111i\u1ec7n tho\u1ea1i: +84 335 728 959. Ch\u00fang t\u00f4i s\u1ebd x\u00e1c nh\u1eadn v\u00e0 c\u00f3 h\u01b0\u1edbng gi\u1ea3i quy\u1ebft h\u1ee3p l\u00fd.<\/p><p>B\u1ea1n c\u00f3 th\u1ec3 li\u00ean h\u1ec7 \u0111\u1ecba ch\u1ec9 email c\u00f9ng s\u1ed1 \u0111i\u1ec7n tho\u1ea1i tr\u00ean \u0111\u1ec3 y\u00eau c\u1ea7u Website dinhda-karsterlyrock.com ch\u1ec9nh s\u1eeda d\u1eef li\u1ec7u c\u00e1 nh\u00e2n c\u1ee7a m\u00ecnh.<\/p><h2><strong>10. C\u01a1 Ch\u1ebf Ti\u1ebfp Nh\u1eadn V\u00e0 Gi\u1ea3i Quy\u1ebft Khi\u1ebfu N\u1ea1i C\u1ee7a Ng\u01b0\u1eddi Ti\u00eau D\u00f9ng Li\u00ean Quan \u0110\u1ebfn Vi\u1ec7c Th\u00f4ng Tin C\u00e1 Nh\u00e2n B\u1ecb S\u1eed D\u1ee5ng Sai M\u1ee5c \u0110\u00edch Ho\u1eb7c Ph\u1ea1m Vi \u0110\u00e3 Th\u00f4ng B\u00e1o<\/strong><\/h2><p>T\u1ea1i website <strong>dinhda-karsterlyrock.com<\/strong>, vi\u1ec7c b\u1ea3o v\u1ec7 th\u00f4ng tin c\u00e1 nh\u00e2n c\u1ee7a b\u1ea1n l\u00e0 r\u1ea5t quan tr\u1ecdng. B\u1ea1n \u0111\u01b0\u1ee3c \u0111\u1ea3m b\u1ea3o r\u1eb1ng th\u00f4ng tin cung c\u1ea5p cho ch\u00fang t\u00f4i s\u1ebd \u0111\u01b0\u1ee3c b\u1ea3o m\u1eadt. Website <strong>dinhda-karsterlyrock.com <\/strong>cam k\u1ebft kh\u00f4ng chia s\u1ebb, b\u00e1n ho\u1eb7c cho thu\u00ea th\u00f4ng tin c\u00e1 nh\u00e2n c\u1ee7a b\u1ea1n cho b\u1ea5t k\u1ef3 ng\u01b0\u1eddi n\u00e0o kh\u00e1c. Website <strong>dinhda-karsterlyrock.com <\/strong>cam k\u1ebft ch\u1ec9 s\u1eed d\u1ee5ng c\u00e1c th\u00f4ng tin c\u1ee7a b\u1ea1n v\u00e0o c\u00e1c tr\u01b0\u1eddng h\u1ee3p sau:<\/p><ul><li style=\"list-style-type: none;\">\u00a0<\/li><\/ul><ul><li style=\"list-style-type: none;\"><ul><li><strong>N\u00e2ng cao ch\u1ea5t l\u01b0\u1ee3n d\u1ecbch v\u1ee5 cho kh\u00e1ch h\u00e0ng<\/strong><\/li><\/ul><\/li><\/ul><ul><li style=\"list-style-type: none;\">\u00a0<\/li><\/ul><ul><li style=\"list-style-type: none;\"><ul><li><strong>Gi\u1ea3i quy\u1ebft c\u00e1c tranh ch\u1ea5p, khi\u1ebfu n\u1ea1i<\/strong><\/li><\/ul><\/li><\/ul><ul><li style=\"list-style-type: none;\">\u00a0<\/li><\/ul><ul><li style=\"list-style-type: none;\"><ul><li><strong>Khi c\u01a1 quan ph\u00e1p lu\u1eadt c\u00f3 y\u00eau c\u1ea7u<\/strong><\/li><\/ul><\/li><\/ul><p>Website <strong>dinhda-karsterlyrock.com <\/strong>hi\u1ec3u r\u1eb1ng quy\u1ec1n l\u1ee3i c\u1ee7a b\u1ea1n trong vi\u1ec7c b\u1ea3o v\u1ec7 th\u00f4ng tin c\u00e1 nh\u00e2n c\u0169ng ch\u00ednh l\u00e0 tr\u00e1ch nhi\u1ec7m c\u1ee7a ch\u00fang t\u00f4i n\u00ean trong b\u1ea5t k\u1ef3 tr\u01b0\u1eddng h\u1ee3p c\u00f3 th\u1eafc m\u1eafc, g\u00f3p \u00fd n\u00e0o li\u00ean quan \u0111\u1ebfn ch\u00ednh s\u00e1ch b\u1ea3o m\u1eadt c\u1ee7a website <strong>dinhda-karsterlyrock.com <\/strong>v\u00e0 li\u00ean quan \u0111\u1ebfn vi\u1ec7c th\u00f4ng tin c\u00e1 nh\u00e2n b\u1ecb s\u1eed d\u1ee5ng sai m\u1ee5c \u0111\u00edch ho\u1eb7c ph\u1ea1m vi \u0111\u00e3 th\u00f4ng b\u00e1o, vui l\u00f2ng li\u00ean h\u1ec7 qua s\u1ed1 hotline + 84 842 202 122 ho\u1eb7c email help@dinhda-karsterlyrock.com<\/p>\t\t\t\t\t\t\t\t<\/div>\n\t\t\t\t\t<\/div>\n\t\t\t\t<\/div>\n\t\t\t\t<\/div>\n\t\t","protected":false},"excerpt":{"rendered":"<p>1. M\u1ee5c \u0110\u00edch V\u00e0 Ph\u1ea1m Vi Thu Th\u1eadp Th\u00f4ng Tin Website\u00a0dinhda-karsterlyrock.com\u00a0kh\u00f4ng b\u00e1n, chia s\u1ebb hay trao \u0111\u1ed5i th\u00f4ng tin c\u00e1 nh\u00e2n c\u1ee7a kh\u00e1ch h\u00e0ng thu th\u1eadp tr\u00ean trang web cho m\u1ed9t b\u00ean th\u1ee9 ba n\u00e0o kh\u00e1c. Th\u00f4ng tin c\u00e1 nh\u00e2n thu th\u1eadp \u0111\u01b0\u1ee3c s\u1ebd ch\u1ec9 \u0111\u01b0\u1ee3c s\u1eed d\u1ee5ng \u0111\u1ec3 c\u00f4ng ty cung c\u1ea5p s\u1ea3n ph\u1ea9m, [&hellip;]<\/p>\n","protected":false},"author":2,"featured_media":0,"parent":0,"menu_order":0,"comment_status":"closed","ping_status":"closed","template":"elementor_canvas","meta":{"footnotes":""},"class_list":["post-743","page","type-page","status-publish","hentry"],"_links":{"self":[{"href":"https:\/\/dinhda-karsterlyrock.com\/vi\/wp-json\/wp\/v2\/pages\/743","targetHints":{"allow":["GET"]}}],"collection":[{"href":"https:\/\/dinhda-karsterlyrock.com\/vi\/wp-json\/wp\/v2\/pages"}],"about":[{"href":"https:\/\/dinhda-karsterlyrock.com\/vi\/wp-json\/wp\/v2\/types\/page"}],"author":[{"embeddable":true,"href":"https:\/\/dinhda-karsterlyrock.com\/vi\/wp-json\/wp\/v2\/users\/2"}],"replies":[{"embeddable":true,"href":"https:\/\/dinhda-karsterlyrock.com\/vi\/wp-json\/wp\/v2\/comments?post=743"}],"version-history":[{"count":0,"href":"https:\/\/dinhda-karsterlyrock.com\/vi\/wp-json\/wp\/v2\/pages\/743\/revisions"}],"wp:attachment":[{"href":"https:\/\/dinhda-karsterlyrock.com\/vi\/wp-json\/wp\/v2\/media?parent=743"}],"curies":[{"name":"wp","href":"https:\/\/api.w.org\/{rel}","templated":true}]}}