{"id":20098,"date":"2025-12-03T10:56:50","date_gmt":"2025-12-03T03:56:50","guid":{"rendered":"https:\/\/dinhda-karsterlyrock.com\/html-sitemap-so-do-website-dinh-dang-html\/"},"modified":"2025-12-03T11:09:55","modified_gmt":"2025-12-03T04:09:55","slug":"html-sitemap-so-do-website-dinh-dang-html","status":"publish","type":"page","link":"https:\/\/dinhda-karsterlyrock.com\/vi\/html-sitemap-so-do-website-dinh-dang-html\/","title":{"rendered":"HTML Sitemap (S\u01a1 \u0111\u1ed3 website \u0111\u1ecbnh d\u1ea1ng HTML)"},"content":{"rendered":"\t\t<div data-elementor-type=\"wp-page\" data-elementor-id=\"20098\" class=\"elementor elementor-20098 elementor-20088\" data-elementor-post-type=\"page\">\n\t\t\t\t<div class=\"elementor-element elementor-element-3599250 e-flex e-con-boxed e-con e-parent\" data-id=\"3599250\" data-element_type=\"container\" data-e-type=\"container\">\n\t\t\t\t\t<div class=\"e-con-inner\">\n\t\t\t\t<div class=\"elementor-element elementor-element-631090c elementor-widget elementor-widget-breadcrumbs\" data-id=\"631090c\" data-element_type=\"widget\" data-e-type=\"widget\" data-widget_type=\"breadcrumbs.default\">\n\t\t\t\t<div class=\"elementor-widget-container\">\n\t\t\t\t\t<nav><span class=\"last\">Home<\/span><\/nav>\t\t\t\t<\/div>\n\t\t\t\t<\/div>\n\t\t\t\t\t<\/div>\n\t\t\t\t<\/div>\n\t\t<div class=\"elementor-element elementor-element-f3dd1b4 e-flex e-con-boxed e-con e-parent\" data-id=\"f3dd1b4\" data-element_type=\"container\" data-e-type=\"container\">\n\t\t\t\t\t<div class=\"e-con-inner\">\n\t\t\t\t<div class=\"elementor-element elementor-element-f704dfc elementor-widget__width-auto elementor-widget elementor-widget-shortcode\" data-id=\"f704dfc\" data-element_type=\"widget\" data-e-type=\"widget\" data-widget_type=\"shortcode.default\">\n\t\t\t\t\t\t\t<div class=\"elementor-shortcode\"><div class=\"rank-math-html-sitemap\"><div class=\"rank-math-html-sitemap__section rank-math-html-sitemap__section--post-type rank-math-html-sitemap__section--post\"><h2 class=\"rank-math-html-sitemap__title\">B\u00e0i vi\u1ebft<\/h2><ul class=\"rank-math-html-sitemap__list\"><li class=\"rank-math-html-sitemap__item\"><a href=\"https:\/\/dinhda-karsterlyrock.com\/vi\/du-lich-ha-giang-mua-xuan\/\" class=\"rank-math-html-sitemap__link\">(2023)Du L\u1ecbch H\u00e0 Giang M\u00f9a Xu\u00e2n V\u00e0 5 \u0110i\u1ec1u C\u1ea7n L\u01b0u \u00dd!<\/a> <span class=\"rank-math-html-sitemap__date\">(2023-02-15)<\/span><\/li><li class=\"rank-math-html-sitemap__item\"><a href=\"https:\/\/dinhda-karsterlyrock.com\/vi\/se-be-khach-hang-tai-chung-pua-auberge-meo-vac\/\" class=\"rank-math-html-sitemap__link\">#1 Chuy\u1ec7n c\u1ee7a kh\u00e1ch nh\u00e0 Ch\u00fang P\u1ee7a - Auberge Meo Vac<\/a> <span class=\"rank-math-html-sitemap__date\">(2023-05-24)<\/span><\/li><li class=\"rank-math-html-sitemap__item\"><a href=\"https:\/\/dinhda-karsterlyrock.com\/vi\/amazing-meo-vac-ky-quan-ngu-giua-troi-tay-bac\/\" class=\"rank-math-html-sitemap__link\">Amazing M\u00e8o V\u1ea1c H\u00e0 Giang - Homestay c\u1ef1c chill trong l\u00e0ng H&#039;M\u00f4ng P\u1ea3 Vi<\/a> <span class=\"rank-math-html-sitemap__date\">(2023-04-22)<\/span><\/li><li class=\"rank-math-html-sitemap__item\"><a href=\"https:\/\/dinhda-karsterlyrock.com\/vi\/canh-dep-ha-giang-2023-mua-xuan-hoa-dao\/\" class=\"rank-math-html-sitemap__link\">C\u1ea3nh \u0110\u1eb9p H\u00e0 Giang Trong M\u00f9a Xu\u00e2n - C\u00e1c \u0110i\u1ec3m Hoa N\u1edf<\/a> <span class=\"rank-math-html-sitemap__date\">(2023-02-20)<\/span><\/li><li class=\"rank-math-html-sitemap__item\"><a href=\"https:\/\/dinhda-karsterlyrock.com\/vi\/cho-phien-dong-van-diem-tu-van-hoa-cao-nguyen\/\" class=\"rank-math-html-sitemap__link\">Ch\u1ee3 Phi\u00ean \u0110\u1ed3ng V\u0103n - S\u00e1ng ch\u1ee7 nh\u1eadt b\u1eadn r\u1ed9n h\u00e0ng tu\u1ea7n<\/a> <span class=\"rank-math-html-sitemap__date\">(2023-07-02)<\/span><\/li><li class=\"rank-math-html-sitemap__item\"><a href=\"https:\/\/dinhda-karsterlyrock.com\/vi\/dinh-da-hmong-khach-san-dong-van-ha-giang\/\" class=\"rank-math-html-sitemap__link\">Dinh \u0110\u00e1 H\u2019M\u00f4ng - Karsterly Rock Lodge - Kh\u00e1ch S\u1ea1n \u0110\u1ed3ng V\u0103n \u0110\u1ed9c \u0110\u00e1o<\/a> <span class=\"rank-math-html-sitemap__date\">(2023-05-24)<\/span><\/li><li class=\"rank-math-html-sitemap__item\"><a href=\"https:\/\/dinhda-karsterlyrock.com\/vi\/dinh-thu-ho-vuong-sa-phin-dong-van-ha-giang\/\" class=\"rank-math-html-sitemap__link\">Dinh th\u1ef1 h\u1ecd V\u01b0\u01a1ng - vi\u00ean ng\u1ecdc qu\u00fd d\u01b0\u1edbi thung l\u0169ng S\u00e0 Ph\u00ecn, \u0110\u1ed3ng V\u0103n<\/a> <span class=\"rank-math-html-sitemap__date\">(2024-05-17)<\/span><\/li><li class=\"rank-math-html-sitemap__item\"><a href=\"https:\/\/dinhda-karsterlyrock.com\/vi\/giac-xua-homestay-meo-vac\/\" class=\"rank-math-html-sitemap__link\">Gi\u1ea5c X\u01b0a M\u1ed9c M\u1ea1c B\u00ecnh D\u00e2n Trong Th\u1ecb Tr\u1ea5n M\u00e8o V\u1ea1c<\/a> <span class=\"rank-math-html-sitemap__date\">(2023-04-16)<\/span><\/li><li class=\"rank-math-html-sitemap__item\"><a href=\"https:\/\/dinhda-karsterlyrock.com\/vi\/ha-giang-discovery-marathon-2023\/\" class=\"rank-math-html-sitemap__link\">H\u00e0 Giang Discovery Marathon - Gi\u1ea3i ch\u1ea1y &quot;h\u00f9ng v\u0129&quot; (2023)<\/a> <span class=\"rank-math-html-sitemap__date\">(2023-03-14)<\/span><\/li><li class=\"rank-math-html-sitemap__item\"><a href=\"https:\/\/dinhda-karsterlyrock.com\/vi\/cho-phien-meo-vac\/\" class=\"rank-math-html-sitemap__link\">Kh\u00e1m Ph\u00e1 Ch\u1ee3 Phi\u00ean M\u00e8o V\u1ea1c<\/a> <span class=\"rank-math-html-sitemap__date\">(2023-04-07)<\/span><\/li><li class=\"rank-math-html-sitemap__item\"><a href=\"https:\/\/dinhda-karsterlyrock.com\/vi\/kham-pha-hem-vuc-khau-vai\/\" class=\"rank-math-html-sitemap__link\">Kh\u00e1m ph\u00e1 h\u1ebbm v\u1ef1c Kh\u00e2u Vai (Phong L\u01b0u)<\/a> <span class=\"rank-math-html-sitemap__date\">(2023-08-04)<\/span><\/li><li class=\"rank-math-html-sitemap__item\"><a href=\"https:\/\/dinhda-karsterlyrock.com\/vi\/kinh-nghiem-du-lich-dong-van-ha-giang\/\" class=\"rank-math-html-sitemap__link\">Kinh nghi\u1ec7m du l\u1ecbch \u0110\u1ed3ng V\u0103n H\u00e0 Giang 2024<\/a> <span class=\"rank-math-html-sitemap__date\">(2023-06-15)<\/span><\/li><li class=\"rank-math-html-sitemap__item\"><a href=\"https:\/\/dinhda-karsterlyrock.com\/vi\/kinh-nghiem-du-lich-meo-vac\/\" class=\"rank-math-html-sitemap__link\">Kinh Nghi\u1ec7m Du L\u1ecbch M\u00e8o V\u1ea1c<\/a> <span class=\"rank-math-html-sitemap__date\">(2023-03-28)<\/span><\/li><li class=\"rank-math-html-sitemap__item\"><a href=\"https:\/\/dinhda-karsterlyrock.com\/vi\/little-yens-homestay-coffee-meo-vac\/\" class=\"rank-math-html-sitemap__link\">Little Yen&#039;s Homestay Coffee - Kh\u00e1m Ph\u00e1 V\u1ebb \u0110\u1eb9p N\u00ean Th\u01a1 \u1ede L\u00e0ng H&#039;M\u00f4ng P\u1ea3 Vi M\u00e8o V\u1ea1c.<\/a> <span class=\"rank-math-html-sitemap__date\">(2023-06-11)<\/span><\/li><li class=\"rank-math-html-sitemap__item\"><a href=\"https:\/\/dinhda-karsterlyrock.com\/vi\/lo-lo-homestay-cafe-meo-vac-2023\/\" class=\"rank-math-html-sitemap__link\">Lo Lo Homestay &amp; Cafe Meo Vac Kh\u00f4ng Gian S\u1ed1ng Xanh<\/a> <span class=\"rank-math-html-sitemap__date\">(2023-05-02)<\/span><\/li><li class=\"rank-math-html-sitemap__item\"><a href=\"https:\/\/dinhda-karsterlyrock.com\/vi\/lung-cu-lake-view-lo-lo-chai-dong-van-ha-giang\/\" class=\"rank-math-html-sitemap__link\">L\u0169ng C\u00fa Lake View - \u0111i\u1ec3m ngh\u1ec9 d\u01b0\u1ee1ng l\u00fd t\u01b0\u1edfng \u1edf L\u00f4 Ch\u1ea3i<\/a> <span class=\"rank-math-html-sitemap__date\">(2023-04-21)<\/span><\/li><li class=\"rank-math-html-sitemap__item\"><a href=\"https:\/\/dinhda-karsterlyrock.com\/vi\/meo-vac-clay-house-kham-pha-ve-dep-dong-bac\/\" class=\"rank-math-html-sitemap__link\">Meo Vac Clay House - Nh\u00e0 ngh\u1ec9 l\u1edbn nh\u1ea5t l\u00e0ng du l\u1ecbch P\u1ea3 Vi<\/a> <span class=\"rank-math-html-sitemap__date\">(2023-04-19)<\/span><\/li><li class=\"rank-math-html-sitemap__item\"><a href=\"https:\/\/dinhda-karsterlyrock.com\/vi\/nha-co-chung-pua-vien-ngoc-an-minh\/\" class=\"rank-math-html-sitemap__link\">Nh\u00e0 C\u1ed5 Ch\u00fang P\u1ee7a - Vi\u00ean Ng\u1ecdc \u1ea8n M\u00ecnh Trong Thung L\u0169ng M\u00e8o V\u1ea1c<\/a> <span class=\"rank-math-html-sitemap__date\">(2023-03-21)<\/span><\/li><li class=\"rank-math-html-sitemap__item\"><a href=\"https:\/\/dinhda-karsterlyrock.com\/vi\/nha-co-homestay-dong-van-200-nam-tai-ha-giang\/\" class=\"rank-math-html-sitemap__link\">Nh\u00e0 c\u1ed5 homestay h\u01a1n 97 n\u0103m tu\u1ed5i gi\u1eefa ph\u1ed1 c\u1ed5 \u0110\u1ed3ng V\u0103n H\u00e0 Giang<\/a> <span class=\"rank-math-html-sitemap__date\">(2023-04-26)<\/span><\/li><li class=\"rank-math-html-sitemap__item\"><a href=\"https:\/\/dinhda-karsterlyrock.com\/vi\/song-nho-que-ha-giang-2023\/\" class=\"rank-math-html-sitemap__link\">S\u00f4ng Nho Qu\u1ebf H\u00e0 Giang - Kh\u00e1m ph\u00e1 du l\u1ecbch<\/a> <span class=\"rank-math-html-sitemap__date\">(2023-06-17)<\/span><\/li><li class=\"rank-math-html-sitemap__item\"><a href=\"https:\/\/dinhda-karsterlyrock.com\/vi\/tong-hop-13-homestay-lang-hmong-pa-vi-meo-vac\/\" class=\"rank-math-html-sitemap__link\">T\u1ed5ng h\u1ee3p 13 homestay l\u00e0ng H&#039;m\u00f4ng P\u1ea3 Vi M\u00e8o V\u1ea1c<\/a> <span class=\"rank-math-html-sitemap__date\">(2024-06-21)<\/span><\/li><li class=\"rank-math-html-sitemap__item\"><a href=\"https:\/\/dinhda-karsterlyrock.com\/vi\/homestay-meo-vac-dep-me-hon\/\" class=\"rank-math-html-sitemap__link\">Top 8 nh\u00e0 ngh\u1ec9 v\u00e0 homestay M\u00e8o V\u1ea1c H\u00e0 Giang \u0111\u1eb9p m\u00ea m\u1ea9n<\/a> <span class=\"rank-math-html-sitemap__date\">(2023-06-27)<\/span><\/li><\/ul><\/div><div class=\"rank-math-html-sitemap__section rank-math-html-sitemap__section--post-type rank-math-html-sitemap__section--page\"><h2 class=\"rank-math-html-sitemap__title\">Trang<\/h2><ul class=\"rank-math-html-sitemap__list\"><li class=\"rank-math-html-sitemap__item\"><a href=\"https:\/\/dinhda-karsterlyrock.com\/vi\/account\/\" class=\"rank-math-html-sitemap__link\">Account<\/a> <span class=\"rank-math-html-sitemap__date\">(2025-11-12)<\/span><\/li><li class=\"rank-math-html-sitemap__item\"><a href=\"https:\/\/dinhda-karsterlyrock.com\/vi\/chinh-sach-bao-mat-thong-tin\/\" class=\"rank-math-html-sitemap__link\">Ch\u00ednh s\u00e1ch b\u1ea3o m\u1eadt th\u00f4ng tin<\/a> <span class=\"rank-math-html-sitemap__date\">(2023-07-17)<\/span><\/li><li class=\"rank-math-html-sitemap__item\"><a href=\"https:\/\/dinhda-karsterlyrock.com\/vi\/dang-ky\/\" class=\"rank-math-html-sitemap__link\">\u0110\u0103ng k\u00fd<\/a> <span class=\"rank-math-html-sitemap__date\">(2025-11-12)<\/span><\/li><li class=\"rank-math-html-sitemap__item\"><a href=\"https:\/\/dinhda-karsterlyrock.com\/vi\/dang-nhap\/\" class=\"rank-math-html-sitemap__link\">\u0110\u0103ng nh\u1eadp<\/a> <span class=\"rank-math-html-sitemap__date\">(2025-11-12)<\/span><\/li><li class=\"rank-math-html-sitemap__item\"><a href=\"https:\/\/dinhda-karsterlyrock.com\/vi\/danh-sach-dat-phong\/\" class=\"rank-math-html-sitemap__link\">Danh s\u00e1ch \u0111\u1eb7t ph\u00f2ng<\/a> <span class=\"rank-math-html-sitemap__date\">(2025-11-08)<\/span><\/li><li class=\"rank-math-html-sitemap__item\"><a href=\"https:\/\/dinhda-karsterlyrock.com\/vi\/dat-lai-mat-khau\/\" class=\"rank-math-html-sitemap__link\">\u0110\u1eb7t l\u1ea1i m\u1eadt kh\u1ea9u<\/a> <span class=\"rank-math-html-sitemap__date\">(2025-11-12)<\/span><\/li><li class=\"rank-math-html-sitemap__item\"><a href=\"https:\/\/dinhda-karsterlyrock.com\/vi\/gioi-thieu\/\" class=\"rank-math-html-sitemap__link\">Gi\u1edbi thi\u1ec7u Dinh \u0110\u00e1 H&#039;M\u00f4ng - Karsterly Rock Lodge | Kh\u00e1ch s\u1ea1n truy\u1ec1n th\u1ed1ng H\u00e0 Giang<\/a> <span class=\"rank-math-html-sitemap__date\">(2023-06-07)<\/span><\/li><li class=\"rank-math-html-sitemap__item\"><a href=\"https:\/\/dinhda-karsterlyrock.com\/vi\/gioi-thieu-ve-doanh-nghiep\/\" class=\"rank-math-html-sitemap__link\">Gi\u1edbi Thi\u1ec7u V\u1ec1 Doanh Nghi\u1ec7p<\/a> <span class=\"rank-math-html-sitemap__date\">(2023-07-31)<\/span><ul class=\"rank-math-html-sitemap__list\"><li class=\"rank-math-html-sitemap__item\"><a href=\"https:\/\/dinhda-karsterlyrock.com\/vi\/gioi-thieu-ve-doanh-nghiep\/quy-trinh-dat-dich-vu-va-chinh-sach-doi-tra\/\" class=\"rank-math-html-sitemap__link\">Quy tr\u00ecnh \u0111\u1eb7t ph\u00f2ng v\u00e0 ch\u00ednh s\u00e1ch \u0111\u1ed5i tr\u1ea3 d\u1ecbch v\u1ee5<\/a> <span class=\"rank-math-html-sitemap__date\">(2023-07-17)<\/span><\/li><\/ul><\/li><li class=\"rank-math-html-sitemap__item\"><a href=\"https:\/\/dinhda-karsterlyrock.com\/vi\/giuong-dorm-danh-cho-1-nguoi-dem-futon\/\" class=\"rank-math-html-sitemap__link\">Gi\u01b0\u1eddng Dorm 1 Ng\u01b0\u1eddi (Futon) View N\u00fai &amp; L\u00f2 S\u01b0\u1edfi | Dinh \u0110\u00e1 H&#039;M\u00f4ng<\/a> <span class=\"rank-math-html-sitemap__date\">(2025-11-06)<\/span><\/li><li class=\"rank-math-html-sitemap__item\"><a href=\"https:\/\/dinhda-karsterlyrock.com\/vi\/cam-nang-du-lich-dia-phuong-ha-giang\/\" class=\"rank-math-html-sitemap__link\">H\u00e0 Giang Insider \u2013 Chia S\u1ebb Kinh Nghi\u1ec7m Du L\u1ecbch B\u1ea3n \u0110\u1ecba<\/a> <span class=\"rank-math-html-sitemap__date\">(2025-11-05)<\/span><\/li><li class=\"rank-math-html-sitemap__item\"><a href=\"https:\/\/dinhda-karsterlyrock.com\/vi\/html-sitemap-so-do-website-dinh-dang-html\/\" class=\"rank-math-html-sitemap__link\">HTML Sitemap - D\u1ec5 d\u00e0ng l\u01b0\u1edbt web c\u1ee7a Dinh \u0110\u00e1 H&#039;M\u00f4ng | Karsterly Rock Lodge<\/a> <span class=\"rank-math-html-sitemap__date\">(2025-12-03)<\/span><\/li><li class=\"rank-math-html-sitemap__item\"><a href=\"https:\/\/dinhda-karsterlyrock.com\/vi\/login\/\" class=\"rank-math-html-sitemap__link\">Login<\/a> <span class=\"rank-math-html-sitemap__date\">(2025-11-12)<\/span><\/li><li class=\"rank-math-html-sitemap__item\"><a href=\"https:\/\/dinhda-karsterlyrock.com\/vi\/logout\/\" class=\"rank-math-html-sitemap__link\">Logout<\/a> <span class=\"rank-math-html-sitemap__date\">(2025-11-12)<\/span><\/li><li class=\"rank-math-html-sitemap__item\"><a href=\"https:\/\/dinhda-karsterlyrock.com\/vi\/members\/\" class=\"rank-math-html-sitemap__link\">Members<\/a> <span class=\"rank-math-html-sitemap__date\">(2025-11-12)<\/span><\/li><li class=\"rank-math-html-sitemap__item\"><a href=\"https:\/\/dinhda-karsterlyrock.com\/vi\/nguoi-dung\/\" class=\"rank-math-html-sitemap__link\">Ng\u01b0\u1eddi d\u00f9ng<\/a> <span class=\"rank-math-html-sitemap__date\">(2025-11-12)<\/span><\/li><li class=\"rank-math-html-sitemap__item\"><a href=\"https:\/\/dinhda-karsterlyrock.com\/vi\/password-reset\/\" class=\"rank-math-html-sitemap__link\">Password Reset<\/a> <span class=\"rank-math-html-sitemap__date\">(2025-11-12)<\/span><\/li><\/li><li class=\"rank-math-html-sitemap__item\"><a href=\"https:\/\/dinhda-karsterlyrock.com\/vi\/phong-nghi\/\" class=\"rank-math-html-sitemap__link\">Ph\u00f2ng Ngh\u1ec9<\/a> <span class=\"rank-math-html-sitemap__date\">(2025-11-13)<\/span><ul class=\"rank-math-html-sitemap__list\"><li class=\"rank-math-html-sitemap__item\"><a href=\"https:\/\/dinhda-karsterlyrock.com\/vi\/phong-nghi\/phong-dorm-10-giuong-view-nui-lo-suoi\/\" class=\"rank-math-html-sitemap__link\">Ph\u00f2ng Dorm 10 Gi\u01b0\u1eddng View N\u00fai (L\u00f2 S\u01b0\u1edfi) | Dinh \u0110\u00e1 H&#039;M\u00f4ng H\u00e0 Giang<\/a> <span class=\"rank-math-html-sitemap__date\">(2025-11-10)<\/span><\/li><li class=\"rank-math-html-sitemap__item\"><a href=\"https:\/\/dinhda-karsterlyrock.com\/vi\/phong-nghi\/phong-gia-dinh-voi-phong-tam-rieng\/\" class=\"rank-math-html-sitemap__link\">Ph\u00f2ng gia \u0111\u00ecnh v\u1edbi ph\u00f2ng t\u1eafm ri\u00eang<\/a> <span class=\"rank-math-html-sitemap__date\">(2025-11-06)<\/span><\/li><li class=\"rank-math-html-sitemap__item\"><a href=\"https:\/\/dinhda-karsterlyrock.com\/vi\/phong-nghi\/phong-tieu-chuan-giuong-doi\/\" class=\"rank-math-html-sitemap__link\">Ph\u00f2ng ti\u00eau chu\u1ea9n gi\u01b0\u1eddng \u0111\u00f4i - Latest Price For Th\u00e1ng 1<\/a> <span class=\"rank-math-html-sitemap__date\">(2025-11-06)<\/span><\/li><\/ul><\/li><\/li><li class=\"rank-math-html-sitemap__item\"><a href=\"https:\/\/dinhda-karsterlyrock.com\/vi\/register\/\" class=\"rank-math-html-sitemap__link\">Register<\/a> <span class=\"rank-math-html-sitemap__date\">(2025-11-12)<\/span><\/li><li class=\"rank-math-html-sitemap__item\"><a href=\"https:\/\/dinhda-karsterlyrock.com\/vi\/rut-gon-link\/\" class=\"rank-math-html-sitemap__link\">R\u00fat g\u1ecdn Link<\/a> <span class=\"rank-math-html-sitemap__date\">(2025-11-12)<\/span><\/li><li class=\"rank-math-html-sitemap__item\"><a href=\"https:\/\/dinhda-karsterlyrock.com\/vi\/lienket\/\" class=\"rank-math-html-sitemap__link\">R\u00fat G\u1ecdn Link<\/a> <span class=\"rank-math-html-sitemap__date\">(2025-03-15)<\/span><\/li><li class=\"rank-math-html-sitemap__item\"><a href=\"https:\/\/dinhda-karsterlyrock.com\/vi\/taikhoan\/\" class=\"rank-math-html-sitemap__link\">T\u00e0i kho\u1ea3n<\/a> <span class=\"rank-math-html-sitemap__date\">(2025-11-12)<\/span><\/li><li class=\"rank-math-html-sitemap__item\"><a href=\"https:\/\/dinhda-karsterlyrock.com\/vi\/thanh-vien\/\" class=\"rank-math-html-sitemap__link\">Th\u00e0nh vi\u00ean<\/a> <span class=\"rank-math-html-sitemap__date\">(2025-11-12)<\/span><\/li><li class=\"rank-math-html-sitemap__item\"><a href=\"https:\/\/dinhda-karsterlyrock.com\/vi\/\" class=\"rank-math-html-sitemap__link\">Dinh \u0110\u00e1 H&#039;M\u00f4ng - Karsterly Rock Lodge Dinh \u0110\u00e1 H&#039;M\u00f4ng | T\u1eadn H\u01b0\u1edfng N\u00e9t \u0110\u1ed9c B\u1ea3n C\u1ee7a H\u00e0 Giang<\/a> <span class=\"rank-math-html-sitemap__date\">(2025-11-05)<\/span><\/li><\/ul><\/div><\/div><\/div>\n\t\t\t\t\t\t<\/div>\n\t\t\t\t\t<\/div>\n\t\t\t\t<\/div>\n\t\t\t\t<\/div>\n\t\t","protected":false},"excerpt":{"rendered":"<p>S\u01a1 \u0111\u1ed3 trang web c\u1ee7a Dinh \u0110\u00e1 H&#8217;M\u00f4ng &#8211; Karsterly Rock Lodge. \u0110\u01b0\u1ee3c tr\u00ecnh b\u00e0y d\u01b0\u1edbi d\u1ea1ng HTML \u0111\u1ec3 kh\u00e1ch truy c\u1eadp d\u1ec5 d\u00e0ng t\u00ecm ki\u1ebfm trang v\u00e0 b\u00e0i vi\u1ebft m\u00ecnh c\u1ea7n. <\/p>\n","protected":false},"author":2,"featured_media":0,"parent":0,"menu_order":0,"comment_status":"closed","ping_status":"closed","template":"","meta":{"footnotes":""},"class_list":["post-20098","page","type-page","status-publish","hentry"],"_links":{"self":[{"href":"https:\/\/dinhda-karsterlyrock.com\/vi\/wp-json\/wp\/v2\/pages\/20098","targetHints":{"allow":["GET"]}}],"collection":[{"href":"https:\/\/dinhda-karsterlyrock.com\/vi\/wp-json\/wp\/v2\/pages"}],"about":[{"href":"https:\/\/dinhda-karsterlyrock.com\/vi\/wp-json\/wp\/v2\/types\/page"}],"author":[{"embeddable":true,"href":"https:\/\/dinhda-karsterlyrock.com\/vi\/wp-json\/wp\/v2\/users\/2"}],"replies":[{"embeddable":true,"href":"https:\/\/dinhda-karsterlyrock.com\/vi\/wp-json\/wp\/v2\/comments?post=20098"}],"version-history":[{"count":0,"href":"https:\/\/dinhda-karsterlyrock.com\/vi\/wp-json\/wp\/v2\/pages\/20098\/revisions"}],"wp:attachment":[{"href":"https:\/\/dinhda-karsterlyrock.com\/vi\/wp-json\/wp\/v2\/media?parent=20098"}],"curies":[{"name":"wp","href":"https:\/\/api.w.org\/{rel}","templated":true}]}}