{"id":18,"date":"2023-06-07T10:16:29","date_gmt":"2023-06-07T03:16:29","guid":{"rendered":"https:\/\/dinhda-karsterlyrock.com\/?page_id=18"},"modified":"2026-01-07T09:03:33","modified_gmt":"2026-01-07T02:03:33","slug":"gioi-thieu","status":"publish","type":"page","link":"https:\/\/dinhda-karsterlyrock.com\/vi\/gioi-thieu\/","title":{"rendered":"Gi\u1edbi thi\u1ec7u"},"content":{"rendered":"\t\t<div data-elementor-type=\"wp-page\" data-elementor-id=\"18\" class=\"elementor elementor-18 elementor-17617\" data-elementor-post-type=\"page\">\n\t\t\t\t<div class=\"elementor-element elementor-element-2eb5847 e-con-full e-flex e-con e-parent\" data-id=\"2eb5847\" data-element_type=\"container\" data-e-type=\"container\" data-settings=\"{&quot;background_background&quot;:&quot;classic&quot;}\">\n\t\t\t\t<div class=\"elementor-element elementor-element-e687e0f elementor-widget elementor-widget-heading\" data-id=\"e687e0f\" data-element_type=\"widget\" data-e-type=\"widget\" data-widget_type=\"heading.default\">\n\t\t\t\t\t<h1 class=\"elementor-heading-title elementor-size-default\">Gi\u1edbi thi\u1ec7u nh\u00e0 ngh\u1ec9 Dinh \u0110\u00e1 H'M\u00f4ng<\/h1>\t\t\t\t<\/div>\n\t\t\t\t<div class=\"elementor-element elementor-element-0781784 elementor-widget elementor-widget-heading\" data-id=\"0781784\" data-element_type=\"widget\" data-e-type=\"widget\" data-widget_type=\"heading.default\">\n\t\t\t\t\t<span class=\"elementor-heading-title elementor-size-default\">N\u00e9t cao nguy\u00ean<\/span>\t\t\t\t<\/div>\n\t\t\t\t<\/div>\n\t\t<div class=\"elementor-element elementor-element-93120df e-flex e-con-boxed e-con e-parent\" data-id=\"93120df\" data-element_type=\"container\" data-e-type=\"container\">\n\t\t\t\t\t<div class=\"e-con-inner\">\n\t\t\t\t<div class=\"elementor-element elementor-element-b492fae elementor-widget elementor-widget-heading\" data-id=\"b492fae\" data-element_type=\"widget\" data-e-type=\"widget\" data-widget_type=\"heading.default\">\n\t\t\t\t\t<h4 class=\"elementor-heading-title elementor-size-default\">S\u1ef1 ki\u1ebfn t\u1ea1o nh\u00e0 ngh\u1ec9 \"truy\u1ec1n th\u1ed1ng\"<\/h4>\t\t\t\t<\/div>\n\t\t\t\t<div class=\"elementor-element elementor-element-36933bce elementor-widget elementor-widget-text-editor\" data-id=\"36933bce\" data-element_type=\"widget\" data-e-type=\"widget\" data-widget_type=\"text-editor.default\">\n\t\t\t\t\t\t\t\t\t<p>Tr\u1ea7n Minh Th\u00e1i, m\u1ed9t ng\u01b0\u1eddi \u1ee7ng h\u1ed9 nhi\u1ec7t th\u00e0nh cho vi\u1ec7c b\u1ea3o t\u1ed3n ki\u1ebfn tr\u00fac truy\u1ec1n th\u1ed1ng, v\u00e0 n\u1ed5i ti\u1ebfng v\u1edbi Nh\u00e0 C\u1ed5 Ch\u00fang P\u1ee7a \u1edf M\u00e8o V\u1ea1c, \u0111\u00e3 d\u00e0nh h\u01a1n m\u1ed9t th\u1eadp k\u1ef7 \u0111\u1ec3 t\u00ecm ki\u1ebfm v\u1eadt li\u1ec7u \u0111\u1ec3 x\u00e2y d\u1ef1ng Dinh \u0110\u00e1 H&#8217;Mong &#8211; Karsterly Rock Lodge.<\/p>\n<p>V\u00e0o th\u00e1ng 9 n\u0103m 2022, \u00f4ng \u0111\u00e3 t\u1eadp h\u1ee3p nh\u1eefng ng\u01b0\u1eddi th\u1ee3 H&#8217;Mong l\u00e0nh ngh\u1ec1 t\u1ea1i \u0111\u1ecba ph\u01b0\u01a1ng \u0111\u1ec3 x\u00e2y d\u1ef1ng Dinh \u0110\u00e1 H&#8217;Mong-Karsterly Rock Lodge, \u0111\u00e2y l\u00e0 m\u1ed9t c\u00f4ng tr\u00ecnh nh\u00e0 ngh\u1ec9 h\u01b0\u1edbng t\u1edbi ki\u1ebfn tr\u00fac truy\u1ec1n th\u1ed1ng H&#8217;mong.<\/p>\t\t\t\t\t\t\t\t<\/div>\n\t\t\t\t<div class=\"elementor-element elementor-element-5516fcb elementor--v-position-top elementor--h-position-center elementor-arrows-position-inside elementor-pagination-position-inside elementor-widget elementor-widget-slides\" data-id=\"5516fcb\" data-element_type=\"widget\" data-e-type=\"widget\" data-settings=\"{&quot;navigation&quot;:&quot;both&quot;,&quot;autoplay&quot;:&quot;yes&quot;,&quot;pause_on_hover&quot;:&quot;yes&quot;,&quot;pause_on_interaction&quot;:&quot;yes&quot;,&quot;autoplay_speed&quot;:5000,&quot;infinite&quot;:&quot;yes&quot;,&quot;transition&quot;:&quot;slide&quot;,&quot;transition_speed&quot;:500}\" data-widget_type=\"slides.default\">\n\t\t\t\t\t\t\t\t\t\t<div class=\"elementor-slides-wrapper elementor-main-swiper swiper\" role=\"region\" aria-roledescription=\"carousel\" aria-label=\"Slides\" dir=\"ltr\" data-animation=\"fadeInUp\">\n\t\t\t\t<div class=\"swiper-wrapper elementor-slides\">\n\t\t\t\t\t\t\t\t\t\t<div class=\"elementor-repeater-item-7dfa778 swiper-slide\" role=\"group\" aria-roledescription=\"slide\"><div class=\"swiper-slide-bg\" role=\"img\" aria-label=\"Tr\u1ea7n Minh Th\u00e1i Founder Ch\u00fang P\u1ee7a &amp; Dinh \u0110\u00e1 H&#039;M\u00f4ng\"><\/div><div class=\"swiper-slide-inner\" ><div class=\"swiper-slide-contents\"><p class=\"elementor-slide-heading\">Founder Tr\u1ea7n Minh Th\u00e1i<\/p><\/div><\/div><\/div><div class=\"elementor-repeater-item-b78e593 swiper-slide\" role=\"group\" aria-roledescription=\"slide\"><div class=\"swiper-slide-bg\" role=\"img\" aria-label=\"Hotel Landmark, Night View\"><\/div><div class=\"swiper-slide-inner\" ><div class=\"swiper-slide-contents\"><p class=\"elementor-slide-heading\">Dinh \u0110\u00e1 H'M\u00f4ng<\/p><p class=\"elementor-slide-description\">Nh\u00e0 ngh\u1ec9 mang \u0111\u1eadm phong c\u00e1ch truy\u1ec1n th\u1ed1ng v\u00f9ng cao nguy\u00ean \u0111\u00e1<\/p><\/div><\/div><\/div><div class=\"elementor-repeater-item-5a518e4 swiper-slide\" role=\"group\" aria-roledescription=\"slide\"><div class=\"swiper-slide-bg\" role=\"img\" aria-label=\"ng\u01b0\u1eddi th\u1ee3 hmong\"><\/div><div class=\"swiper-slide-inner\" ><div class=\"swiper-slide-contents\"><p class=\"elementor-slide-heading\">Nh\u1eefng ng\u01b0\u1eddi th\u1ee3 H'm\u00f4ng l\u00e0nh ngh\u1ec1<\/p><\/div><\/div><\/div><div class=\"elementor-repeater-item-1c1b93a swiper-slide\" role=\"group\" aria-roledescription=\"slide\"><div class=\"swiper-slide-bg\" role=\"img\" aria-label=\"Hotel Construction\"><\/div><div class=\"swiper-slide-inner\" ><div class=\"swiper-slide-contents\"><\/div><\/div><\/div>\t\t\t\t<\/div>\n\t\t\t\t\t\t\t\t\t\t\t\t\t\t\t<div class=\"elementor-swiper-button elementor-swiper-button-prev\" role=\"button\" tabindex=\"0\" aria-label=\"Previous slide\">\n\t\t\t\t\t\t\t<svg aria-hidden=\"true\" class=\"e-font-icon-svg e-eicon-chevron-left\" viewBox=\"0 0 1000 1000\" xmlns=\"http:\/\/www.w3.org\/2000\/svg\"><path d=\"M646 125C629 125 613 133 604 142L308 442C296 454 292 471 292 487 292 504 296 521 308 533L604 854C617 867 629 875 646 875 663 875 679 871 692 858 704 846 713 829 713 812 713 796 708 779 692 767L438 487 692 225C700 217 708 204 708 187 708 171 704 154 692 142 675 129 663 125 646 125Z\"><\/path><\/svg>\t\t\t\t\t\t<\/div>\n\t\t\t\t\t\t<div class=\"elementor-swiper-button elementor-swiper-button-next\" role=\"button\" tabindex=\"0\" aria-label=\"Next slide\">\n\t\t\t\t\t\t\t<svg aria-hidden=\"true\" class=\"e-font-icon-svg e-eicon-chevron-right\" viewBox=\"0 0 1000 1000\" xmlns=\"http:\/\/www.w3.org\/2000\/svg\"><path d=\"M696 533C708 521 713 504 713 487 713 471 708 454 696 446L400 146C388 133 375 125 354 125 338 125 325 129 313 142 300 154 292 171 292 187 292 204 296 221 308 233L563 492 304 771C292 783 288 800 288 817 288 833 296 850 308 863 321 871 338 875 354 875 371 875 388 867 400 854L696 533Z\"><\/path><\/svg>\t\t\t\t\t\t<\/div>\n\t\t\t\t\t\t\t\t\t\t\t\t\t\t\t\t<div class=\"swiper-pagination\"><\/div>\n\t\t\t\t\t\t\t\t\t\t\t\t<\/div>\n\t\t\t\t\t\t\t\t<\/div>\n\t\t\t\t\t<\/div>\n\t\t\t\t<\/div>\n\t\t<div class=\"elementor-element elementor-element-6f54d656 e-flex e-con-boxed e-con e-parent\" data-id=\"6f54d656\" data-element_type=\"container\" data-e-type=\"container\">\n\t\t\t\t\t<div class=\"e-con-inner\">\n\t\t\t\t<div class=\"elementor-element elementor-element-1e028b7b elementor-widget elementor-widget-heading\" data-id=\"1e028b7b\" data-element_type=\"widget\" data-e-type=\"widget\" data-widget_type=\"heading.default\">\n\t\t\t\t\t<h4 class=\"elementor-heading-title elementor-size-default\">M\u00f4 t\u1ea3 nh\u00e0 ngh\u1ec9 Dinh \u0110\u00e1 H'M\u00f4ng<\/h4>\t\t\t\t<\/div>\n\t\t\t\t<div class=\"elementor-element elementor-element-27a38d5b elementor-widget elementor-widget-text-editor\" data-id=\"27a38d5b\" data-element_type=\"widget\" data-e-type=\"widget\" data-widget_type=\"text-editor.default\">\n\t\t\t\t\t\t\t\t\t<p>Khu ngh\u1ec9 m\u00e1t c\u00f3 thi\u1ebft k\u1ebf \u0111\u1ed9c \u0111\u00e1o v\u1edbi n\u1ec1n m\u00f3ng b\u1eb1ng \u0111\u00e1, m\u1ed9t s\u00e2n \u0111\u00e1 trung t\u00e2m v\u00e0 m\u1ed9t k\u1ebft c\u1ea5u nh\u00e0 g\u1ed7 hai t\u1ea7ng. C\u00e1c lo\u1ea1i g\u1ed7 qu\u00fd \u0111\u01b0\u1ee3c s\u1eed d\u1ee5ng trong nh\u00e0 \u0111\u01b0\u1ee3c gom g\u00f3p t\u1eeb nh\u1eefng ng\u00f4i nh\u00e0 s\u00e0n c\u0169 trong v\u00f9ng H\u00e0 Giang, nh\u1eefng ng\u00f4i nh\u00e0 \u0111\u00f3 hi\u1ec7n \u0111ang \u0111\u01b0\u1ee3c thay th\u1ebf b\u1eb1ng c\u00e1c c\u00f4ng tr\u00ecnh b\u00ea t\u00f4ng.<\/p><p>Nh\u00e0 ngh\u1ec9 t\u1eadp trung v\u00e0o vi\u1ec7c b\u1ea3o t\u1ed3n ki\u1ebfn tr\u00fac truy\u1ec1n th\u1ed1ng, gi\u00fap duy tr\u00ec di s\u1ea3n v\u0103n h\u00f3a c\u1ee7a khu v\u1ef1c c\u0169ng nh\u01b0 mang l\u1ea1i tr\u1ea3i nghi\u1ec7m ch\u00e2n th\u1ef1c v\u00e0 \u00fd ngh\u0129a cho du kh\u00e1ch. Khi ngh\u1ec9 t\u1ea1i Dinh \u0110\u00e1 H&#8217;Mong-Karsterly Rock Lodge, kh\u00e1ch h\u00e0ng c\u00f3 th\u1ec3 \u0111\u1eafm m\u00ecnh trong v\u0103n h\u00f3a \u0111\u1ecba ph\u01b0\u01a1ng, t\u00ecm hi\u1ec3u v\u1ec1 ng\u01b0\u1eddi H\u2019mong v\u00e0 t\u1eadn h\u01b0\u1edfng v\u1ebb \u0111\u1eb9p t\u1ef1 nhi\u00ean c\u1ee7a phong c\u1ea3nh xung quanh.<\/p>\t\t\t\t\t\t\t\t<\/div>\n\t\t\t\t<div class=\"elementor-element elementor-element-31a891f6 elementor-widget elementor-widget-image\" data-id=\"31a891f6\" data-element_type=\"widget\" data-e-type=\"widget\" data-widget_type=\"image.default\">\n\t\t\t\t\t\t\t\t\t\t\t\t\t\t\t<img fetchpriority=\"high\" decoding=\"async\" width=\"1600\" height=\"900\" src=\"https:\/\/dinhda-karsterlyrock.com\/wp-content\/uploads\/2024\/06\/hero-1600x900-2.webp\" class=\"attachment-full size-full wp-image-12540\" alt=\"S\u00e2n nh\u00e0\" srcset=\"https:\/\/dinhda-karsterlyrock.com\/wp-content\/uploads\/2024\/06\/hero-1600x900-2.webp 1600w, https:\/\/dinhda-karsterlyrock.com\/wp-content\/uploads\/2024\/06\/hero-1600x900-2-300x169.webp 300w, https:\/\/dinhda-karsterlyrock.com\/wp-content\/uploads\/2024\/06\/hero-1600x900-2-1024x576.webp 1024w, https:\/\/dinhda-karsterlyrock.com\/wp-content\/uploads\/2024\/06\/hero-1600x900-2-768x432.webp 768w, https:\/\/dinhda-karsterlyrock.com\/wp-content\/uploads\/2024\/06\/hero-1600x900-2-1536x864.webp 1536w\" sizes=\"(max-width: 1600px) 100vw, 1600px\" \/>\t\t\t\t\t\t\t\t\t\t\t\t\t\t\t<\/div>\n\t\t\t\t\t<\/div>\n\t\t\t\t<\/div>\n\t\t<div class=\"elementor-element elementor-element-2534906 e-flex e-con-boxed e-con e-parent\" data-id=\"2534906\" data-element_type=\"container\" data-e-type=\"container\">\n\t\t\t\t\t<div class=\"e-con-inner\">\n\t\t\t\t<div class=\"elementor-element elementor-element-21aa2bd elementor-widget elementor-widget-heading\" data-id=\"21aa2bd\" data-element_type=\"widget\" data-e-type=\"widget\" data-widget_type=\"heading.default\">\n\t\t\t\t\t<h4 class=\"elementor-heading-title elementor-size-default\">D\u1ef1 \u00e1n: K\u1ebft h\u1ee3p Ki\u1ebfn tr\u00fac truy\u1ec1n th\u1ed1ng v\u00f9ng cao v\u00e0o kh\u00e1ch s\u1ea1n<\/h4>\t\t\t\t<\/div>\n\t\t\t\t<div class=\"elementor-element elementor-element-602e2d5 elementor-widget elementor-widget-text-editor\" data-id=\"602e2d5\" data-element_type=\"widget\" data-e-type=\"widget\" data-widget_type=\"text-editor.default\">\n\t\t\t\t\t\t\t\t\t<p>Dinh \u0110\u00e1 H&#8217;Mong l\u00e0 m\u1ed9t nh\u00e0 ngh\u1ec9 t\u00f4n vinh ki\u1ebfn tr\u00fac nh\u00e0 c\u1ed5 truy\u1ec1n th\u1ed1ng H&#8217;Mong. Ng\u00f4i nh\u00e0 ch\u00ednh, l\u00e0 t\u00e2m c\u1ee7a c\u00f4ng tr\u00ecnh, c\u00f3 k\u1ebft c\u1ea5u khung g\u1ed7 v\u00e0 m\u00e1i \u0111\u00f4i \u0111\u01b0\u1ee3c l\u1ee3p b\u1eb1ng c\u00e1c vi\u00ean g\u1ea1ch ng\u00f3i \u00e2m d\u01b0\u01a1ng, t\u1ea1o n\u00ean m\u1ed9t khung c\u1ea3nh \u0111\u1eb9p m\u1eaft.<\/p>\n<p>B\u1ed1 c\u1ee5c b\u00ean trong t\u1ea7ng m\u1ed9t c\u1ee7a nh\u00e0 ch\u00ednh \u0111\u01b0\u1ee3c thi\u1ebft k\u1ebf \u0111\u01a1n gi\u1ea3n, b\u00e1m s\u00e1t l\u1ed1i sinh ho\u1ea1t truy\u1ec1n th\u1ed1ng ng\u01b0\u1eddi H\u2019M\u00f4ng; g\u1ed3m hai ph\u00f2ng ng\u1ee7 v\u00e0 m\u1ed9t s\u1ea3nh chung t\u1ea1o n\u00ean kh\u00f4ng gian \u1ea5m \u00e1p v\u00e0 th\u00e2n thi\u1ec7n. Trong s\u1ea3nh chung n\u00e0y c\u00f3 1 l\u00f2 s\u01b0\u1edfi l\u1eeda ri\u00eang bi\u1ec7t d\u00e0nh cho kh\u00e1ch ngh\u1ec9 \u1edf gian nh\u00e0 ch\u00ednh.<\/p>\t\t\t\t\t\t\t\t<\/div>\n\t\t\t\t\t<\/div>\n\t\t\t\t<\/div>\n\t\t<div class=\"elementor-element elementor-element-c2422ad e-flex e-con-boxed e-con e-parent\" data-id=\"c2422ad\" data-element_type=\"container\" data-e-type=\"container\">\n\t\t\t\t\t<div class=\"e-con-inner\">\n\t\t\t\t<div class=\"elementor-element elementor-element-cae00dc elementor--v-position-top elementor--h-position-center elementor-arrows-position-inside elementor-pagination-position-inside elementor-widget elementor-widget-slides\" data-id=\"cae00dc\" data-element_type=\"widget\" data-e-type=\"widget\" data-settings=\"{&quot;navigation&quot;:&quot;both&quot;,&quot;autoplay&quot;:&quot;yes&quot;,&quot;pause_on_hover&quot;:&quot;yes&quot;,&quot;pause_on_interaction&quot;:&quot;yes&quot;,&quot;autoplay_speed&quot;:5000,&quot;infinite&quot;:&quot;yes&quot;,&quot;transition&quot;:&quot;slide&quot;,&quot;transition_speed&quot;:500}\" data-widget_type=\"slides.default\">\n\t\t\t\t\t\t\t\t\t\t<div class=\"elementor-slides-wrapper elementor-main-swiper swiper\" role=\"region\" aria-roledescription=\"carousel\" aria-label=\"Slides\" dir=\"ltr\" data-animation=\"fadeInUp\">\n\t\t\t\t<div class=\"swiper-wrapper elementor-slides\">\n\t\t\t\t\t\t\t\t\t\t<div class=\"elementor-repeater-item-7dfa778 swiper-slide\" role=\"group\" aria-roledescription=\"slide\"><div class=\"swiper-slide-bg\" role=\"img\" aria-label=\"phong-ve-sinh\"><\/div><div class=\"swiper-slide-inner\" ><div class=\"swiper-slide-contents\"><\/div><\/div><\/div><div class=\"elementor-repeater-item-b78e593 swiper-slide\" role=\"group\" aria-roledescription=\"slide\"><div class=\"swiper-slide-bg\" role=\"img\" aria-label=\"Dinh \u0110\u00e1 H&#039;M\u00f4ng - Karterly Rock lodge Room\"><\/div><div class=\"swiper-slide-inner\" ><div class=\"swiper-slide-contents\"><div class=\"elementor-slide-description\">Nh\u00e0 ngh\u1ec9 mang \u0111\u1eadm phong c\u00e1ch truy\u1ec1n th\u1ed1ng v\u00f9ng cao nguy\u00ean \u0111\u00e1<\/div><\/div><\/div><\/div><div class=\"elementor-repeater-item-5a518e4 swiper-slide\" role=\"group\" aria-roledescription=\"slide\"><div class=\"swiper-slide-bg\" role=\"img\" aria-label=\"hanh-lang-phong-doi\"><\/div><div class=\"swiper-slide-inner\" ><div class=\"swiper-slide-contents\"><\/div><\/div><\/div><div class=\"elementor-repeater-item-1c1b93a swiper-slide\" role=\"group\" aria-roledescription=\"slide\"><div class=\"swiper-slide-bg\" role=\"img\" aria-label=\"Ph\u00f2ng t\u1eadp th\u1ec3\"><\/div><div class=\"swiper-slide-inner\" ><div class=\"swiper-slide-contents\"><\/div><\/div><\/div>\t\t\t\t<\/div>\n\t\t\t\t\t\t\t\t\t\t\t\t\t\t\t<div class=\"elementor-swiper-button elementor-swiper-button-prev\" role=\"button\" tabindex=\"0\" aria-label=\"Previous slide\">\n\t\t\t\t\t\t\t<svg aria-hidden=\"true\" class=\"e-font-icon-svg e-eicon-chevron-left\" viewBox=\"0 0 1000 1000\" xmlns=\"http:\/\/www.w3.org\/2000\/svg\"><path d=\"M646 125C629 125 613 133 604 142L308 442C296 454 292 471 292 487 292 504 296 521 308 533L604 854C617 867 629 875 646 875 663 875 679 871 692 858 704 846 713 829 713 812 713 796 708 779 692 767L438 487 692 225C700 217 708 204 708 187 708 171 704 154 692 142 675 129 663 125 646 125Z\"><\/path><\/svg>\t\t\t\t\t\t<\/div>\n\t\t\t\t\t\t<div class=\"elementor-swiper-button elementor-swiper-button-next\" role=\"button\" tabindex=\"0\" aria-label=\"Next slide\">\n\t\t\t\t\t\t\t<svg aria-hidden=\"true\" class=\"e-font-icon-svg e-eicon-chevron-right\" viewBox=\"0 0 1000 1000\" xmlns=\"http:\/\/www.w3.org\/2000\/svg\"><path d=\"M696 533C708 521 713 504 713 487 713 471 708 454 696 446L400 146C388 133 375 125 354 125 338 125 325 129 313 142 300 154 292 171 292 187 292 204 296 221 308 233L563 492 304 771C292 783 288 800 288 817 288 833 296 850 308 863 321 871 338 875 354 875 371 875 388 867 400 854L696 533Z\"><\/path><\/svg>\t\t\t\t\t\t<\/div>\n\t\t\t\t\t\t\t\t\t\t\t\t\t\t\t\t<div class=\"swiper-pagination\"><\/div>\n\t\t\t\t\t\t\t\t\t\t\t\t<\/div>\n\t\t\t\t\t\t\t\t<\/div>\n\t\t\t\t<div class=\"elementor-element elementor-element-f1a3c1d elementor-widget elementor-widget-text-editor\" data-id=\"f1a3c1d\" data-element_type=\"widget\" data-e-type=\"widget\" data-widget_type=\"text-editor.default\">\n\t\t\t\t\t\t\t\t\t<p>\u0110\u1ed1i v\u1edbi nh\u1eefng ng\u01b0\u1eddi t\u00ecm ki\u1ebfm m\u1ed9t tr\u1ea3i nghi\u1ec7m ri\u00eang t\u01b0, t\u1ea7ng hai cung c\u1ea5p th\u00eam n\u0103m ph\u00f2ng \u0111\u00f4i k\u1ebft n\u1ed1i b\u1eb1ng m\u1ed9t h\u00e0nh lang. M\u1ed7i ph\u00f2ng ri\u00eang \u0111\u01b0\u1ee3c trang b\u1ecb ti\u1ec7n nghi v\u1ec7 sinh ri\u00eang c\u1ee7a m\u00ecnh, \u0111\u1ea3m b\u1ea3o kh\u00e1ch h\u00e0ng c\u00f3 \u0111\u1ea7y \u0111\u1ee7 ti\u1ec7n nghi \u0111\u1ec3 c\u1ea3m th\u1ea5y tho\u1ea3i m\u00e1i. H\u01a1n n\u1eefa, c\u1ea7u thang d\u1eabn l\u00ean t\u1ea7ng hai \u0111\u01b0\u1ee3c b\u00e0i tr\u00ed ngo\u00e0i hi\u00ean nh\u00e0, nh\u1eb1m t\u0103ng kh\u00f4ng gian c\u1ee7a ph\u00f2ng ngh\u1ec9 v\u00e0 \u0111\u01b0\u1ee3c \u0111i\u1ec1u ch\u1ec9nh \u0111\u1ec3 d\u1ec5 d\u00e0ng ti\u1ebfp c\u1eadn cho ng\u01b0\u1eddi gi\u00e0 v\u00e0 tr\u1ebb em.<\/p><p>T\u1ea1i t\u1ea7ng m\u1ed9t c\u1ee7a gian nh\u00e0 s\u00e0n l\u00e0 m\u1ed9t ph\u00f2ng kh\u00e1ch m\u1edf, \u0111\u01b0\u1ee3c trang b\u1ecb l\u00f2 s\u01b0\u1edfi l\u1eeda v\u00e0 b\u00e0n gh\u1ebf th\u01b0\u1edfng tr\u00e0. B\u00ean tr\u00ean c\u1ee7a gian nh\u00e0 n\u00e0y ch\u00ednh l\u00e0 ph\u00f2ng t\u1eadp th\u1ec3, c\u00f3 l\u00f2 s\u01b0\u1edfi ri\u00eang v\u00e0 t\u1ea7m nh\u00ecn ng\u1eafm n\u00fai non, s\u00e2n v\u01b0\u1eddn, khu\u00e2n vi\u00ean nh\u00e0 ngh\u1ec9.<\/p>\t\t\t\t\t\t\t\t<\/div>\n\t\t\t\t\t<\/div>\n\t\t\t\t<\/div>\n\t\t<div class=\"elementor-element elementor-element-5e03a5af e-flex e-con-boxed e-con e-parent\" data-id=\"5e03a5af\" data-element_type=\"container\" data-e-type=\"container\">\n\t\t\t\t\t<div class=\"e-con-inner\">\n\t\t\t\t<div class=\"elementor-element elementor-element-6c8d362 elementor-widget elementor-widget-heading\" data-id=\"6c8d362\" data-element_type=\"widget\" data-e-type=\"widget\" data-widget_type=\"heading.default\">\n\t\t\t\t\t<h3 class=\"elementor-heading-title elementor-size-default\">Li\u00ean h\u1ec7 v\u1edbi ch\u00fang t\u00f4i!<\/h3>\t\t\t\t<\/div>\n\t\t\t\t<div class=\"elementor-element elementor-element-1baff75a elementor-widget elementor-widget-text-editor\" data-id=\"1baff75a\" data-element_type=\"widget\" data-e-type=\"widget\" data-widget_type=\"text-editor.default\">\n\t\t\t\t\t\t\t\t\t<p>H\u1ed7 tr\u1ee3 \u0111\u1eb7t ph\u00f2ng v\u00e0 th\u00f4ng tin du l\u1ecbch H\u00e0 Giang!<\/p>\t\t\t\t\t\t\t\t<\/div>\n\t\t\t\t<div class=\"elementor-element elementor-element-432473eb elementor-align-center elementor-mobile-align-center elementor-widget elementor-widget-button\" data-id=\"432473eb\" data-element_type=\"widget\" data-e-type=\"widget\" data-widget_type=\"button.default\">\n\t\t\t\t\t\t\t\t\t\t<a class=\"elementor-button elementor-button-link elementor-size-sm\" href=\"https:\/\/dinhda-karsterlyrock.com\/home\/lien-he\/\">\n\t\t\t\t\t\t<span class=\"elementor-button-content-wrapper\">\n\t\t\t\t\t\t\t\t\t<span class=\"elementor-button-text\">Li\u00ean h\u1ec7 ngay<\/span>\n\t\t\t\t\t<\/span>\n\t\t\t\t\t<\/a>\n\t\t\t\t\t\t\t\t<\/div>\n\t\t\t\t\t<\/div>\n\t\t\t\t<\/div>\n\t\t\t\t<\/div>\n\t\t","protected":false},"excerpt":{"rendered":"<p>Th\u00f4ng tin chung v\u1ec1 nh\u00e0 ngh\u1ec9 Dinh \u0110\u00e1 H&#8217;M\u00f4ng &#8211; Karsterly Rock Lodge <\/p>\n","protected":false},"author":2,"featured_media":281,"parent":0,"menu_order":0,"comment_status":"closed","ping_status":"closed","template":"","meta":{"footnotes":""},"class_list":["post-18","page","type-page","status-publish","has-post-thumbnail","hentry"],"_links":{"self":[{"href":"https:\/\/dinhda-karsterlyrock.com\/vi\/wp-json\/wp\/v2\/pages\/18","targetHints":{"allow":["GET"]}}],"collection":[{"href":"https:\/\/dinhda-karsterlyrock.com\/vi\/wp-json\/wp\/v2\/pages"}],"about":[{"href":"https:\/\/dinhda-karsterlyrock.com\/vi\/wp-json\/wp\/v2\/types\/page"}],"author":[{"embeddable":true,"href":"https:\/\/dinhda-karsterlyrock.com\/vi\/wp-json\/wp\/v2\/users\/2"}],"replies":[{"embeddable":true,"href":"https:\/\/dinhda-karsterlyrock.com\/vi\/wp-json\/wp\/v2\/comments?post=18"}],"version-history":[{"count":0,"href":"https:\/\/dinhda-karsterlyrock.com\/vi\/wp-json\/wp\/v2\/pages\/18\/revisions"}],"wp:featuredmedia":[{"embeddable":true,"href":"https:\/\/dinhda-karsterlyrock.com\/vi\/wp-json\/wp\/v2\/media\/281"}],"wp:attachment":[{"href":"https:\/\/dinhda-karsterlyrock.com\/vi\/wp-json\/wp\/v2\/media?parent=18"}],"curies":[{"name":"wp","href":"https:\/\/api.w.org\/{rel}","templated":true}]}}