{"id":17864,"date":"2025-11-05T17:22:16","date_gmt":"2025-11-05T10:22:16","guid":{"rendered":"https:\/\/dinhda-karsterlyrock.com\/trang-chu-2\/"},"modified":"2026-04-12T01:47:48","modified_gmt":"2026-04-11T18:47:48","slug":"trang-chu-2","status":"publish","type":"page","link":"https:\/\/dinhda-karsterlyrock.com\/vi\/","title":{"rendered":"Trang Ch\u1ee7"},"content":{"rendered":"\t\t<div data-elementor-type=\"wp-page\" data-elementor-id=\"17864\" class=\"elementor elementor-17864 elementor-15511\" data-elementor-post-type=\"page\">\n\t\t\t\t<div class=\"elementor-element elementor-element-d936e3b e-con-full e-flex e-con e-parent\" data-id=\"d936e3b\" data-element_type=\"container\" data-e-type=\"container\" data-settings=\"{&quot;background_background&quot;:&quot;classic&quot;}\">\n\t\t<div class=\"elementor-element elementor-element-5db3aeb e-con-full e-flex elementor-invisible e-con e-child\" data-id=\"5db3aeb\" data-element_type=\"container\" data-e-type=\"container\" data-settings=\"{&quot;animation_mobile&quot;:&quot;fadeInUp&quot;,&quot;background_background&quot;:&quot;classic&quot;,&quot;animation&quot;:&quot;fadeIn&quot;,&quot;animation_widescreen&quot;:&quot;fadeInUp&quot;,&quot;animation_delay&quot;:500,&quot;animation_laptop&quot;:&quot;fadeInDown&quot;}\">\n\t\t\t\t<div class=\"elementor-element elementor-element-b8b507f elementor-widget-mobile__width-inherit elementor-widget__width-inherit elementor-widget elementor-widget-wp-widget-mod_vikbooking_horizontalsearch\" data-id=\"b8b507f\" data-element_type=\"widget\" data-e-type=\"widget\" data-widget_type=\"wp-widget-mod_vikbooking_horizontalsearch.default\">\n\t\t\t\t<div class=\"elementor-widget-container\">\n\t\t\t\t\t\n<div class=\"vbmodhorsearchmaindiv vbo-horizsearch-humanformat-wrap\">\n\t<form action=\"https:\/\/dinhda-karsterlyrock.com\/vi\/dat-phong\/?task=search\" method=\"post\" id=\"vbo-mod-horsearch-form-267\">\n\t\t<input type=\"hidden\" name=\"task\" value=\"search\" \/>\n\t\t<div class=\"vbmodhorsearch-hum-dates-wrap\">\n\t\t\t<div class=\"vbmodhorsearch-humcalcont vbmodhorsearchcheckindiv\">\n\t\t\t\t<label class=\"vbo-horizsearch-lbl-dt-267\">Nh\u1eadn ph\u00f2ng<\/label>\n\t\t\t\t<div class=\"vbo-horizsearch-showcalendar vbo-horizsearch-showcalendar-from\" id=\"vbo-horizsearch-checkin267\">\n\t\t\t\t\t<i class=\"far fa-calendar-alt\"><\/i>\t\t\t\t\t<span class=\"vbo-horizsearch-placeholder\">Ch\u1ecdn ng\u00e0y<\/span>\n\t\t\t\t\t<div id=\"vbo-horizsearch-period267-from\" class=\"vbo-horizsearch-period-from\">\n\t\t\t\t\t\t<span class=\"vbo-horizsearch-period-mday\"><\/span>\n\t\t\t\t\t\t<div class=\"vbo-horizsearch-period-dt\">\n\t\t\t\t\t\t\t<span class=\"vbo-horizsearch-period-month\"><\/span>\n\t\t\t\t\t\t\t<span class=\"vbo-horizsearch-period-year\"><\/span>\n\t\t\t\t\t\t\t<span class=\"vbo-horizsearch-period-wday\"><\/span>\n\t\t\t\t\t\t<\/div>\n\t\t\t\t\t<\/div>\n\t\t\t\t<\/div>\n\t\t\t\t<div class=\"vbo-horizsearch-dpicker-cont vbo-horizsearch-dpicker-from\" id=\"checkindatemod267\" style=\"display: none;\"><\/div>\n\t\t\t\t<input type=\"hidden\" name=\"checkindate\" id=\"inp-checkindatemod267\"\/>\n\t\t\t\t<input type=\"hidden\" name=\"checkinh\" value=\"14\"\/>\n\t\t\t\t<input type=\"hidden\" name=\"checkinm\" value=\"0\"\/>\n\t\t\t<\/div>\n\t\t\t<div class=\"vbmodhorsearch-humcalcont vbmodhorsearchcheckoutdiv\">\n\t\t\t\t<label class=\"vbo-horizsearch-lbl-dt-267\">Tr\u1ea3 ph\u00f2ng<\/label>\n\t\t\t\t<div class=\"vbo-horizsearch-showcalendar vbo-horizsearch-showcalendar-to\" id=\"vbo-horizsearch-checkout267\">\n\t\t\t\t\t<i class=\"far fa-calendar-alt\"><\/i>\t\t\t\t\t<span class=\"vbo-horizsearch-placeholder\">Ch\u1ecdn ng\u00e0y<\/span>\n\t\t\t\t\t<div id=\"vbo-horizsearch-period267-to\" class=\"vbo-horizsearch-period-to\">\n\t\t\t\t\t\t<span class=\"vbo-horizsearch-period-mday\"><\/span>\n\t\t\t\t\t\t<div class=\"vbo-horizsearch-period-dt\">\n\t\t\t\t\t\t\t<span class=\"vbo-horizsearch-period-month\"><\/span>\n\t\t\t\t\t\t\t<span class=\"vbo-horizsearch-period-year\"><\/span>\n\t\t\t\t\t\t\t<span class=\"vbo-horizsearch-period-wday\"><\/span>\n\t\t\t\t\t\t<\/div>\n\t\t\t\t\t<\/div>\n\t\t\t\t<\/div>\n\t\t\t\t<div class=\"vbo-horizsearch-dpicker-cont vbo-horizsearch-dpicker-to\" id=\"checkoutdatemod267\" style=\"display: none;\"><\/div>\n\t\t\t\t<input type=\"hidden\" name=\"checkoutdate\" id=\"inp-checkoutdatemod267\"\/>\n\t\t\t\t<input type=\"hidden\" name=\"checkouth\" value=\"12\"\/>\n\t\t\t\t<input type=\"hidden\" name=\"checkoutm\" value=\"0\"\/>\n\t\t\t<\/div>\n\t\t\t<div class=\"vbmodhorsearchtotnights\" id=\"vbjstotnightsmod267\"><\/div>\n\t\t<\/div>\n\t\t\t<div class=\"vbmodhorsearch-hum-guests-wrap\">\n\t\t\t\n\t\t\t<label onclick=\"jQuery('#vbmodhorsearch-hum-guests-count267').trigger('click');\">Kh\u00e1ch<\/label>\n\n\t\t\t<div class=\"vbmodhorsearch-hum-guests-count\" id=\"vbmodhorsearch-hum-guests-count267\">\n\t\t\t\t<div class=\"vbmodhorsearch-hum-guests-elem vbmodhorsearch-hum-guests-rooms\">\n\t\t\t\t\t<label>Ph\u00f2ng<\/label>\n\t\t\t\t\t<span id=\"vbmodhorsearch-hum-guests-rooms267\">1<\/span>\n\t\t\t\t<\/div>\n\t\t\t\t<div class=\"vbmodhorsearch-hum-guests-elem vbmodhorsearch-hum-guests-adults\">\n\t\t\t\t\t<label>Ng\u01b0\u1eddi l\u1edbn<\/label>\n\t\t\t\t\t<span id=\"vbmodhorsearch-hum-guests-adults267\">2<\/span>\n\t\t\t\t<\/div>\n\t\t\t\t\t\t\t<div class=\"vbmodhorsearch-hum-guests-elem vbmodhorsearch-hum-guests-children\">\n\t\t\t\t\t<label>Tr\u1ebb em<\/label>\n\t\t\t\t\t<span id=\"vbmodhorsearch-hum-guests-children267\">0<\/span>\n\t\t\t\t<\/div>\n\t\t\t\t\t\t\t<\/div>\n\t\t\t\n\t\t\t<div class=\"vbmodhorsearch-hum-guests-modifier\" style=\"display: none;\">\n\t\t\t\t<div class=\"vbmodhorsearch-hum-guests-modifier-inner\">\n\t\t\t\t\n\t\t\t\t\t\t\t\t\t<div class=\"vbmodhorsearchroomsel\">\n\t\t\t\t\t\t<label for=\"vbmodformroomsn267\">Ph\u00f2ng<\/label>\n\t\t\t\t\t\t<span class=\"vbhsrnselsp\"><select name=\"roomsnum\" id=\"vbmodformroomsn267\" onchange=\"vbSetRoomsAdultsMod267(this.value);\">\n<option value=\"1\">1<\/option>\n<option value=\"2\">2<\/option>\n<option value=\"3\">3<\/option>\n<option value=\"4\">4<\/option>\n<option value=\"5\">5<\/option>\n<option value=\"6\">6<\/option>\n<option value=\"7\">7<\/option>\n<option value=\"8\">8<\/option>\n<\/select><\/span>\n\t\t\t\t\t<\/div>\n\t\t\t\t\t\t\t\t\t\t<div class=\"vbmodhorsearchroomdentr\">\n\t\t\t\t\t\t<div class=\"vbmodhorsearchroomdentrfirst\">\n\t\t\t\t\t\t\t\t\t\t\t\t\t<span class=\"horsrnum\">Room 1<\/span>\n\t\t\t\t\t\t\t\t\t\t\t\t\t\t<div class=\"horsanumdiv\">\n\t\t\t\t\t\t\t\t<label class=\"horsanumlb\" for=\"vbo-mhs-adults-267\">Ng\u01b0\u1eddi l\u1edbn<\/label>\n\t\t\t\t\t\t\t\t<span class=\"horsanumsel\"><select name=\"adults[]\" id=\"vbo-mhs-adults-267\" onchange=\"vbCountTotGuests267();\"><option value=\"1\">1<\/option><option value=\"2\" selected=\"selected\">2<\/option><option value=\"3\">3<\/option><option value=\"4\">4<\/option><option value=\"5\">5<\/option><option value=\"6\">6<\/option><option value=\"7\">7<\/option><option value=\"8\">8<\/option><option value=\"9\">9<\/option><option value=\"10\">10<\/option><\/select><\/span>\n\t\t\t\t\t\t\t<\/div>\n\t\t\t\t\t\t\t\t\t\t\t\t\t\t<div class=\"horscnumdiv\">\n\t\t\t\t\t\t\t\t<label class=\"horscnumlb\" for=\"vbo-mhs-children-267\">Tr\u1ebb em<\/label>\n\t\t\t\t\t\t\t\t<span class=\"horscnumsel\"><select name=\"children[]\" id=\"vbo-mhs-children-267\" onchange=\"vbCountTotGuests267();\"><option value=\"0\">0<\/option><option value=\"1\">1<\/option><option value=\"2\">2<\/option><\/select><\/span>\n\t\t\t\t\t\t\t<\/div>\n\t\t\t\t\t\t\t\t\t\t\t\t\t<\/div>\n\t\t\t\t\t\t<div class=\"vbmoreroomscontmod\" id=\"vbmoreroomscontmod267\"><\/div>\n\t\t\t\t\t<\/div>\n\n\t\t\t\t<\/div>\n\t\t\t<\/div>\n\n\t\t<\/div>\n\t\t\t<div class=\"vbmodhorsearchbookdiv\">\n\t\t\t<button type=\"submit\" id=\"vbo-mod-horsearch-sbt-267\" class=\"btn vbsearchinputmodhors vbo-pref-color-btn\">\u0110\u1eb7t ngay<\/button>\n\t\t<\/div>\n\n\t\t<script type=\"text\/javascript\">\n\t\t\tjQuery(function() {\n\t\t\t\tjQuery('button#vbo-mod-horsearch-sbt-267').on('click', function(e) {\n\t\t\t\t\te.preventDefault();\n\t\t\t\t\tjQuery(this).prop('disabled', true);\n\t\t\t\t\tjQuery(this).html('<i class=\"fas fa-circle-notch fa-spin fa-fw\"><\/i> ' + jQuery(this).text());\n\t\t\t\t\tjQuery(this).closest('form').submit();\n\t\t\t\t});\n\t\t\t});\n\t\t<\/script>\n\t\t<\/form>\n<\/div>\n\n<div class=\"vbo-modhs-js-helpers\" style=\"display: none;\">\n\t<div class=\"vbo-modhs-add-element-html\">\n\t\t<div class=\"vbmodhorsearchroomdentr\">\n\t\t\t<span class=\"horsrnum\">Room %d<\/span>\n\t\t\t<div class=\"horsanumdiv\">\n\t\t\t\t<label style=\"display: none;\" for=\"vbo-mhs-adults-267-hid\">Ng\u01b0\u1eddi l\u1edbn<\/label>\n\t\t\t\t<span class=\"horsanumsel\"><select name=\"adults[]\" id=\"vbo-mhs-adults-267-hid\" onchange=\"vbCountTotGuests267();\"><option value=\"1\">1<\/option><option value=\"2\" selected=\"selected\">2<\/option><option value=\"3\">3<\/option><option value=\"4\">4<\/option><option value=\"5\">5<\/option><option value=\"6\">6<\/option><option value=\"7\">7<\/option><option value=\"8\">8<\/option><option value=\"9\">9<\/option><option value=\"10\">10<\/option><\/select><\/span>\n\t\t\t\t\t\t\t<div class=\"horscnumdiv\">\n\t\t\t\t\t<label style=\"display: none;\" for=\"vbo-mhs-children-267-hid\">Tr\u1ebb em<\/label>\n\t\t\t\t\t<span class=\"horscnumsel\"><select name=\"children[]\" id=\"vbo-mhs-children-267-hid\" onchange=\"vbCountTotGuests267();\"><option value=\"0\">0<\/option><option value=\"1\">1<\/option><option value=\"2\">2<\/option><\/select><\/span>\n\t\t\t\t<\/div>\n\t\t\t\t\t\t\t<\/div>\n\t\t<\/div>\n\t<\/div>\n<\/div>\n\n<script type=\"text\/javascript\">\nfunction vboModHorSearchSendRequest(elem, formId) {\n\tvar form_el = document.getElementById('vbo-mod-horsearch-form-' + formId);\n\tif (!form_el) {\n\t\tconsole.error('form not found', formId);\n\t\treturn false;\n\t}\n\n\t\/\/ valid all form required fields\n\tif (typeof form_el.checkValidity === 'function' && !form_el.checkValidity()) {\n\t\t\/\/ modern browsers will support this HTML5 method to check the form required fields\n\t\talert(Joomla.JText._('VBO_PLEASE_FILL_FIELDS'));\n\t\treturn false;\n\t}\n\n\t\/\/ make sure the dates have been selected\n\tvar checkin_date_el = jQuery(form_el).find('input[name=\"checkindate\"]');\n\tvar checkout_date_el = jQuery(form_el).find('input[name=\"checkoutdate\"]');\n\tif (!checkin_date_el.length || !checkin_date_el.val().length || !checkout_date_el.length || !checkout_date_el.val().length) {\n\t\talert(Joomla.JText._('VBO_PLEASE_SEL_DATES'));\n\t\treturn false;\n\t}\n\t\/\/ make sure the dates are not identical to have a min stay of 1 night\n\t\/\/ as by default the datepicker could set equal dates to the hidden fields.\n\tif (checkin_date_el.val() == checkout_date_el.val()) {\n\t\talert(Joomla.JText._('VBO_PLEASE_SEL_DATES'));\n\t\treturn false;\n\t}\n\n\t\/\/ disable the send request button to avoid double submissions\n\telem.disabled = true;\n\t\n\t\/\/ get form values\n\tvar qstring = jQuery(form_el).serialize();\n\n\t\/\/ make sure the task is not set\n\tqstring = qstring.replace('task=search', '');\n\tqstring = qstring.replace('view=search', '');\n\n\t\/\/ make the ajax request to the controller\n\tjQuery.ajax({\n\t\ttype: \"POST\",\n\t\turl: \"https:\/\/dinhda-karsterlyrock.com\/wp-admin\/admin-ajax.php?task=submit_inquiry&Itemid=15694&action=vikbooking&vik_ajax_client=site\",\n\t\tdata: qstring\n\t}).done(function(res) {\n\t\tif (!res.hasOwnProperty('status')) {\n\t\t\talert('Invalid response');\n\t\t\t\/\/ re-enable the button\n\t\t\telem.disabled = false;\n\t\t\treturn false;\n\t\t}\n\t\tif (!res.status) {\n\t\t\talert(res.error);\n\t\t\t\/\/ re-enable the button\n\t\t\telem.disabled = false;\n\t\t\treturn false;\n\t\t}\n\t\t\/\/ show success message by replacing all fields\n\t\tjQuery('.vbo-mod-horsearch-inquiry-fields').html('<p class=\"vbo-mod-horsearch-inquiry-mess-success\">' + Joomla.JText._('VBO_THANKS_INQ_SUBMITTED') + '<\/p>');\n\t\t\/\/ remove submit button container\n\t\tjQuery('.vbo-mod-horsearch-inquiry-submit').remove();\n\t}).fail(function(err) {\n\t\talert(err.responseText);\n\t\t\/\/ re-enable the button\n\t\telem.disabled = false;\n\t});\n}\n\nfunction vboModHorSearchBookOnline(formId) {\n\tvar form_el = document.getElementById('vbo-mod-horsearch-form-' + formId);\n\tif (!form_el) {\n\t\tconsole.error('form not found', formId);\n\t\treturn false;\n\t}\n\n\t\/\/ we need to let a button of type button trigger the submit of the \"check availability\"\n\t\/\/ or in case of inquiry, the browser will check the validity of the required fields.\n\n\t\/\/ we only check if the dates have been selected\n\tvar checkin_date_el = jQuery(form_el).find('input[name=\"checkindate\"]');\n\tvar checkout_date_el = jQuery(form_el).find('input[name=\"checkoutdate\"]');\n\tif (!checkin_date_el.length || !checkin_date_el.val().length || !checkout_date_el.length || !checkout_date_el.val().length) {\n\t\talert(Joomla.JText._('VBO_PLEASE_SEL_DATES'));\n\t\treturn false;\n\t}\n\n\t\/\/ make sure the dates are not identical to have a min stay of 1 night\n\t\/\/ as by default the datepicker could set equal dates to the hidden fields.\n\tif (checkin_date_el.val() == checkout_date_el.val()) {\n\t\talert(Joomla.JText._('VBO_PLEASE_SEL_DATES'));\n\t\treturn false;\n\t}\n\n\t\/\/ simply submit the form to start the booking process\n\tform_el.submit();\n\n\treturn true;\n}\n\nfunction vbAddElementMod267() {\n\tvar ni = document.getElementById('vbmoreroomscontmod267');\n\tvar numi = document.getElementById('vbroomhelpermod267');\n\tvar num = (document.getElementById('vbroomhelpermod267').value -1) + 2;\n\tnumi.value = num;\n\tvar newdiv = document.createElement('div');\n\tvar divIdName = 'vb'+num+'racont';\n\tnewdiv.setAttribute('id', divIdName);\n\t\/\/ build HTML content to append to new element\n\tvar new_element_html = document.getElementsByClassName('vbo-modhs-add-element-html')[0].innerHTML;\n\t\/\/ set room number\n\tlet rp_rgx = new RegExp('%d', 'g');\n\tnew_element_html = new_element_html.replace(rp_rgx, num);\n\t\/\/ get rid of label tag (Web Accessibility)\n\tlet lbl_rgx = new RegExp(\/<label\\s.+>.+<\\\/label>\/, 'g');\n\tnew_element_html = new_element_html.replace(lbl_rgx, '');\n\t\/\/ get rid of any id attribute (Web Accessibility)\n\tlet idattr_rgx = new RegExp(\/id=\"[^\\\"]+\"\/, 'g');\n\tnew_element_html = new_element_html.replace(idattr_rgx, '');\n\t\/\/ set HTML content and append element\n\tnewdiv.innerHTML = new_element_html;\n\tni.appendChild(newdiv);\n}\n\nfunction vbSetRoomsAdultsMod267(totrooms) {\n\tvar actrooms = parseInt(document.getElementById('vbroomhelpermod267').value);\n\tvar torooms = parseInt(totrooms);\n\tvar difrooms;\n\tif (torooms > actrooms) {\n\t\tdifrooms = torooms - actrooms;\n\t\tfor (var ir = 1; ir <= difrooms; ir++) {\n\t\t\tvbAddElementMod267();\n\t\t}\n\t}\n\tif (torooms < actrooms) {\n\t\tfor (var ir = actrooms; ir > torooms; ir--) {\n\t\t\tif (ir > 1) {\n\t\t\t\tvar rmra = document.getElementById('vb' + ir + 'racont');\n\t\t\t\trmra.parentNode.removeChild(rmra);\n\t\t\t}\n\t\t}\n\t\tdocument.getElementById('vbroomhelpermod267').value = torooms;\n\t}\n\tif (document.getElementById('vbmodhorsearch-hum-guests-rooms267')) {\n\t\tdocument.getElementById('vbmodhorsearch-hum-guests-rooms267').innerText = torooms;\n\t\tvbCountTotGuests267();\n\t}\n}\n\nfunction vbCountTotGuests267() {\n\tif (!document.getElementById('vbmodhorsearch-hum-guests-rooms267')) {\n\t\treturn;\n\t}\n\tvar totadults = 0;\n\tvar totchildren = 0;\n\tjQuery('#vbmodhorsearch-hum-guests-count267').parent().find('select[name=\"adults[]\"]').each(function() {\n\t\tvar curel = jQuery(this).find('option:selected');\n\t\tif (curel.length) {\n\t\t\ttotadults += parseInt(curel.val());\n\t\t}\n\t});\n\tjQuery('#vbmodhorsearch-hum-guests-adults267').text(totadults);\n\tif (jQuery('#vbmodhorsearch-hum-guests-children267').length) {\n\t\tjQuery('#vbmodhorsearch-hum-guests-count267').parent().find('select[name=\"children[]\"]').each(function() {\n\t\t\tvar curel = jQuery(this).find('option:selected');\n\t\t\tif (curel.length) {\n\t\t\t\ttotchildren += parseInt(curel.val());\n\t\t\t}\n\t\t});\n\t\tjQuery('#vbmodhorsearch-hum-guests-children267').text(totchildren);\n\t}\n}\n\nfunction vbCalcNightsMod267() {\n\tvar vbcheckin = document.getElementById('inp-checkindatemod267').value;\n\tvar vbcheckout = document.getElementById('inp-checkoutdatemod267').value;\n\tif (vbcheckin.length > 0 && vbcheckout.length > 0) {\n\t\tvar vbcheckinp = vbcheckin.split(\"\/\");\n\t\tvar vbcheckoutp = vbcheckout.split(\"\/\");\n\t\t\tvar vbinmonth = parseInt(vbcheckinp[1]);\n\t\tvbinmonth = vbinmonth - 1;\n\t\tvar vbinday = parseInt(vbcheckinp[2], 10);\n\t\tvar vbcheckind = new Date(vbcheckinp[0], vbinmonth, vbinday);\n\t\tvar vboutmonth = parseInt(vbcheckoutp[1]);\n\t\tvboutmonth = vboutmonth - 1;\n\t\tvar vboutday = parseInt(vbcheckoutp[2], 10);\n\t\tvar vbcheckoutd = new Date(vbcheckoutp[0], vboutmonth, vboutday);\n\t\t\t\tvar vbdivider = 1000 * 60 * 60 * 24;\n\t\tvar vbints = vbcheckind.getTime();\n\t\tvar vboutts = vbcheckoutd.getTime();\n\t\tif (vboutts > vbints) {\n\t\t\t\/\/var vbnights = Math.ceil((vboutts - vbints) \/ (vbdivider));\n\t\t\tvar utc1 = Date.UTC(vbcheckind.getFullYear(), vbcheckind.getMonth(), vbcheckind.getDate());\n\t\t\tvar utc2 = Date.UTC(vbcheckoutd.getFullYear(), vbcheckoutd.getMonth(), vbcheckoutd.getDate());\n\t\t\tvar vbnights = Math.ceil((utc2 - utc1) \/ vbdivider);\n\t\t\tif (vbnights > 0) {\n\t\t\t\tdocument.getElementById('vbjstotnightsmod267').innerHTML = '<div class=\"vbo-horizsearch-numnights-inner\"><span>\u0110\u00eam:<\/span> <span>'+vbnights+'<\/span><\/div>';\n\t\t\t} else {\n\t\t\t\tdocument.getElementById('vbjstotnightsmod267').innerHTML = '';\n\t\t\t}\n\t\t} else {\n\t\t\tdocument.getElementById('vbjstotnightsmod267').innerHTML = '';\n\t\t}\n\t} else {\n\t\tdocument.getElementById('vbjstotnightsmod267').innerHTML = '';\n\t}\n}\n<\/script>\n\n<input type=\"hidden\" id=\"vbroomhelpermod267\" value=\"1\"\/>\n\t\t\t\t<\/div>\n\t\t\t\t<\/div>\n\t\t\t\t<\/div>\n\t\t<div class=\"elementor-element elementor-element-8757faa e-con-full e-flex e-con e-child\" data-id=\"8757faa\" data-element_type=\"container\" data-e-type=\"container\">\n\t\t\t\t<div class=\"elementor-element elementor-element-9a3c2fb elementor-widget elementor-widget-heading\" data-id=\"9a3c2fb\" data-element_type=\"widget\" data-e-type=\"widget\" data-widget_type=\"heading.default\">\n\t\t\t\t\t<h1 class=\"elementor-heading-title elementor-size-default\">Dinh \u0110\u00e1 H'M\u00f4ng - Karsterly Rock Lodge<\/h1>\t\t\t\t<\/div>\n\t\t\t\t<\/div>\n\t\t\t\t<\/div>\n\t\t<div class=\"elementor-element elementor-element-cc3c2eb e-flex e-con-boxed e-con e-parent\" data-id=\"cc3c2eb\" data-element_type=\"container\" data-e-type=\"container\">\n\t\t\t\t\t<div class=\"e-con-inner\">\n\t\t<div class=\"elementor-element elementor-element-db69e65 e-con-full e-flex e-con e-child\" data-id=\"db69e65\" data-element_type=\"container\" data-e-type=\"container\">\n\t\t\t\t<div class=\"elementor-element elementor-element-56533ce elementor-widget elementor-widget-heading\" data-id=\"56533ce\" data-element_type=\"widget\" data-e-type=\"widget\" data-widget_type=\"heading.default\">\n\t\t\t\t\t<h2 class=\"elementor-heading-title elementor-size-default\">Tr\u1ea3i nghi\u1ec7m kh\u00f4ng gian s\u1ed1ng \u0111\u1ed9c b\u1ea3n v\u00f9ng cao nguy\u00ean<\/h2>\t\t\t\t<\/div>\n\t\t\t\t<div class=\"elementor-element elementor-element-bd6f8f7 elementor-widget__width-initial elementor-widget-mobile__width-initial elementor-widget elementor-widget-text-editor\" data-id=\"bd6f8f7\" data-element_type=\"widget\" data-e-type=\"widget\" data-widget_type=\"text-editor.default\">\n\t\t\t\t\t\t\t\t\t<p data-pm-slice=\"1 1 []\">Ch\u00e0o m\u1eebng \u0111\u1ebfn v\u1edbi Dinh \u0110\u00e1 H&#8217;M\u00f4ng, m\u1ed9t kh\u00e1ch s\u1ea1n n\u1eb1m ngay tr\u00ean cung \u0111\u01b0\u1eddng &#8220;<strong>H\u00e0 Giang Loop&#8221;<\/strong> n\u1ed5i ti\u1ebfng. Ch\u00fang t\u00f4i m\u1eddi b\u1ea1n \u0111\u1ebfn v\u1edbi v\u00f9ng \u0111\u1ea5t m\u00e0 hoa m\u1ecdc tr\u00ean \u0111\u00e1 \u0111\u1ec3 tr\u1ea3i nghi\u1ec7m s\u1ef1 \u0111\u1ed9c \u0111\u00e1o c\u1ee7a n\u01a1i \u0111\u00e2y. Ph\u00f2ng ngh\u1ec9 c\u1ee7a ch\u00fang t\u00f4i \u0111\u01b0\u1ee3c thi\u1ebft k\u1ebf mang nh\u1eefng n\u00e9t \u0111\u1eb7c tr\u01b0ng c\u1ee7a v\u00f9ng cao nguy\u00ean \u0111\u00e1, mang m\u1ed9t ch\u00fat h\u01a1i th\u1edf c\u1ee7a ti\u1ec7n nghi v\u00e0o trong kh\u00f4ng gian v\u0103n h\u00f3a \u0111\u1eb9p \u0111\u1ebd n\u00e0y. Hy v\u1ecdng b\u1ea1n s\u1ebd c\u00f3 m\u1ed9t k\u1ef3 ngh\u1ec9 d\u01b0\u1ee1ng tuy\u1ec7 v\u1eddi \u1edf H\u00e0 Giang c\u00f9ng ch\u00fang t\u00f4i!<\/p>\t\t\t\t\t\t\t\t<\/div>\n\t\t<div class=\"elementor-element elementor-element-8023c2d e-con-full e-grid e-con e-child\" data-id=\"8023c2d\" data-element_type=\"container\" data-e-type=\"container\">\n\t\t\t\t<div class=\"elementor-element elementor-element-8934407 elementor-mobile-align-center elementor-align-center elementor-widget elementor-widget-button\" data-id=\"8934407\" data-element_type=\"widget\" data-e-type=\"widget\" data-widget_type=\"button.default\">\n\t\t\t\t\t\t\t\t\t\t<a class=\"elementor-button elementor-button-link elementor-size-sm\" href=\"https:\/\/dinhda-karsterlyrock.com\/vi\/gioi-thieu\/\">\n\t\t\t\t\t\t<span class=\"elementor-button-content-wrapper\">\n\t\t\t\t\t\t\t\t\t<span class=\"elementor-button-text\">Gi\u1edbi Thi\u1ec7u<\/span>\n\t\t\t\t\t<\/span>\n\t\t\t\t\t<\/a>\n\t\t\t\t\t\t\t\t<\/div>\n\t\t\t\t<div class=\"elementor-element elementor-element-ea1e344 elementor-mobile-align-center elementor-align-center elementor-widget elementor-widget-button\" data-id=\"ea1e344\" data-element_type=\"widget\" data-e-type=\"widget\" data-widget_type=\"button.default\">\n\t\t\t\t\t\t\t\t\t\t<a class=\"elementor-button elementor-button-link elementor-size-sm\" href=\"https:\/\/dinhda-karsterlyrock.com\/vi\/phong-nghi\/\">\n\t\t\t\t\t\t<span class=\"elementor-button-content-wrapper\">\n\t\t\t\t\t\t\t\t\t<span class=\"elementor-button-text\">Ph\u00f2ng Ngh\u1ec9<\/span>\n\t\t\t\t\t<\/span>\n\t\t\t\t\t<\/a>\n\t\t\t\t\t\t\t\t<\/div>\n\t\t\t\t<\/div>\n\t\t\t\t<\/div>\n\t\t\t\t\t<\/div>\n\t\t\t\t<\/div>\n\t\t\t\t<\/div>\n\t\t","protected":false},"excerpt":{"rendered":"<p>Dinh \u0110\u00e1 H&#8217;M\u00f4ng &#8211; Karsterly Rock Lodge Tr\u1ea3i nghi\u1ec7m kh\u00f4ng gian s\u1ed1ng \u0111\u1ed9c b\u1ea3n v\u00f9ng cao nguy\u00ean Ch\u00e0o m\u1eebng \u0111\u1ebfn v\u1edbi Dinh \u0110\u00e1 H&#8217;M\u00f4ng, m\u1ed9t kh\u00e1ch s\u1ea1n n\u1eb1m ngay tr\u00ean cung \u0111\u01b0\u1eddng &#8220;H\u00e0 Giang Loop&#8221; n\u1ed5i ti\u1ebfng. Ch\u00fang t\u00f4i m\u1eddi b\u1ea1n \u0111\u1ebfn v\u1edbi v\u00f9ng \u0111\u1ea5t m\u00e0 hoa m\u1ecdc tr\u00ean \u0111\u00e1 \u0111\u1ec3 tr\u1ea3i nghi\u1ec7m s\u1ef1 \u0111\u1ed9c [&hellip;]<\/p>\n","protected":false},"author":2,"featured_media":11291,"parent":0,"menu_order":0,"comment_status":"closed","ping_status":"closed","template":"elementor_theme","meta":{"footnotes":""},"class_list":["post-17864","page","type-page","status-publish","has-post-thumbnail","hentry"],"_links":{"self":[{"href":"https:\/\/dinhda-karsterlyrock.com\/vi\/wp-json\/wp\/v2\/pages\/17864","targetHints":{"allow":["GET"]}}],"collection":[{"href":"https:\/\/dinhda-karsterlyrock.com\/vi\/wp-json\/wp\/v2\/pages"}],"about":[{"href":"https:\/\/dinhda-karsterlyrock.com\/vi\/wp-json\/wp\/v2\/types\/page"}],"author":[{"embeddable":true,"href":"https:\/\/dinhda-karsterlyrock.com\/vi\/wp-json\/wp\/v2\/users\/2"}],"replies":[{"embeddable":true,"href":"https:\/\/dinhda-karsterlyrock.com\/vi\/wp-json\/wp\/v2\/comments?post=17864"}],"version-history":[{"count":5,"href":"https:\/\/dinhda-karsterlyrock.com\/vi\/wp-json\/wp\/v2\/pages\/17864\/revisions"}],"predecessor-version":[{"id":20641,"href":"https:\/\/dinhda-karsterlyrock.com\/vi\/wp-json\/wp\/v2\/pages\/17864\/revisions\/20641"}],"wp:featuredmedia":[{"embeddable":true,"href":"https:\/\/dinhda-karsterlyrock.com\/vi\/wp-json\/wp\/v2\/media\/11291"}],"wp:attachment":[{"href":"https:\/\/dinhda-karsterlyrock.com\/vi\/wp-json\/wp\/v2\/media?parent=17864"}],"curies":[{"name":"wp","href":"https:\/\/api.w.org\/{rel}","templated":true}]}}