{"id":16829,"date":"2025-11-08T15:14:49","date_gmt":"2025-11-08T08:14:49","guid":{"rendered":"https:\/\/dinhda-karsterlyrock.com\/?page_id=16829"},"modified":"2026-01-07T12:04:32","modified_gmt":"2026-01-07T05:04:32","slug":"danh-sach-dat-phong","status":"publish","type":"page","link":"https:\/\/dinhda-karsterlyrock.com\/vi\/danh-sach-dat-phong\/","title":{"rendered":"Danh s\u00e1ch \u0111\u1eb7t ph\u00f2ng"},"content":{"rendered":"\t\t<div data-elementor-type=\"wp-page\" data-elementor-id=\"16829\" class=\"elementor elementor-16829 elementor-15563\" data-elementor-post-type=\"page\">\n\t\t\t\t<div class=\"elementor-element elementor-element-24dc963 e-flex e-con-boxed e-con e-parent\" data-id=\"24dc963\" data-element_type=\"container\" data-e-type=\"container\">\n\t\t\t\t\t<div class=\"e-con-inner\">\n\t\t<div class=\"elementor-element elementor-element-f69ac43 e-con-full e-flex e-con e-child\" data-id=\"f69ac43\" data-element_type=\"container\" data-e-type=\"container\">\n\t\t\t\t<div class=\"elementor-element elementor-element-9e4c87d elementor-widget elementor-widget-shortcode\" data-id=\"9e4c87d\" data-element_type=\"widget\" data-e-type=\"widget\" data-widget_type=\"shortcode.default\">\n\t\t\t\t\t\t\t<div class=\"elementor-shortcode\">\n<div class=\"um um-login um-17388\">\n\t<div class=\"um-form\">\n\t\t<form method=\"post\" action=\"\" autocomplete=\"off\">\n\t\t\t<div class=\"um-row _um_row_1 \" style=\"margin: 0 0 30px 0;\"><div class=\"um-col-1\"><div  id=\"um_field_17388_username\" class=\"um-field um-field-text  um-field-username um-field-text um-field-type_text\" data-key=\"username\"><div class=\"um-field-label\"><label for=\"username-17388\">Username or Email<span class=\"um-req\" title=\"Required\">*<\/span><\/label><div class=\"um-clear\"><\/div><\/div><div class=\"um-field-area\"><input  autocomplete=\"off\" class=\"um-form-field valid \" type=\"text\" name=\"username-17388\" id=\"username-17388\" value=\"\" placeholder=\"\" data-validate=\"\" data-key=\"username\"  aria-invalid=\"false\" \/>\n\n\t\t\t\t\t\t<\/div><\/div><div  id=\"um_field_17388_user_password\" class=\"um-field um-field-password  um-field-user_password um-field-password um-field-type_password\" data-key=\"user_password\"><div class=\"um-field-label\"><label for=\"user_password-17388\">Password<span class=\"um-req\" title=\"Required\">*<\/span><\/label><div class=\"um-clear\"><\/div><\/div><div class=\"um-field-area\"><div class=\"um-field-area-password\">\n\t\t\t\t\t\t\t\t\t<input class=\"um-form-field valid \" type=\"password\" name=\"user_password-17388\" id=\"user_password-17388\" value=\"\" placeholder=\"\" data-validate=\"\" data-key=\"user_password\"  aria-invalid=\"false\" \/>\n\t\t\t\t\t\t\t\t\t<span class=\"um-toggle-password\"><i class=\"um-icon-eye\"><\/i><\/span>\n\t\t\t\t\t\t\t\t<\/div>\n\t\t\t\t\t\t\t<\/div><\/div><div  class=\"um-field um-field-shortcode  um-field-shortcode um-field-type_shortcode\" data-key=\"um_shortcode_17388_4\"><div class=\"googlesitekit-sign-in-with-google__frontend-output-button\"><\/div><\/div><\/div><\/div>\t<input type=\"hidden\" name=\"form_id\" id=\"form_id_17388\" value=\"17388\" \/>\n\t\t<p class=\"um_request_name\">\n\t\t<label for=\"um_request_17388\">\u0110i\u1ec1n v\u00e0o \u0111i robot<\/label>\n\t\t<input type=\"hidden\" name=\"um_request\" id=\"um_request_17388\" class=\"input\" value=\"\" size=\"25\" autocomplete=\"off\" \/>\n\t<\/p>\n\t<input type=\"hidden\" name=\"redirect_to\" id=\"redirect_to\" value=\"https:\/\/dinhda-karsterlyrock.com\/booking-list\/\" \/><input type=\"hidden\" id=\"_wpnonce\" name=\"_wpnonce\" value=\"b6bff4233c\" \/><input type=\"hidden\" name=\"_wp_http_referer\" value=\"\/vi\/wp-json\/wp\/v2\/pages\/16829\" \/>\n\t<div class=\"um-col-alt\">\n\n\t\t\n\n\t\t\t<div class=\"um-field um-field-c\">\n\t\t\t\t<div class=\"um-field-area\">\n\t\t\t\t\t<label class=\"um-field-checkbox\">\n\t\t\t\t\t\t<input type=\"checkbox\" name=\"rememberme\" value=\"1\"  \/>\n\t\t\t\t\t\t<span class=\"um-field-checkbox-state\"><i class=\"um-icon-android-checkbox-outline-blank\"><\/i><\/span>\n\t\t\t\t\t\t<span class=\"um-field-checkbox-option\"> Keep me signed in<\/span>\n\t\t\t\t\t<\/label>\n\t\t\t\t<\/div>\n\t\t\t<\/div>\n\n\t\t\t\t\t\t<div class=\"um-clear\"><\/div>\n\t\t\n\t\t\t<div class=\"um-left um-half\">\n\t\t\t\t<input type=\"submit\" value=\"Login\" class=\"um-button\" id=\"um-submit-btn\" \/>\n\t\t\t<\/div>\n\t\t\t<div class=\"um-right um-half\">\n\t\t\t\t<a href=\"https:\/\/dinhda-karsterlyrock.com\/vi\/register\/\" class=\"um-button um-alt\">\n\t\t\t\t\tRegister\t\t\t\t<\/a>\n\t\t\t<\/div>\n\n\t\t\n\t\t<div class=\"um-clear\"><\/div>\n\n\t<\/div>\n\n\t\n\t<div class=\"um-col-alt-b\">\n\t\t<a href=\"https:\/\/dinhda-karsterlyrock.com\/vi\/password-reset\/\" class=\"um-link-alt\">\n\t\t\tForgot your password?\t\t<\/a>\n\t<\/div>\n\n\t\t\t<\/form>\n\t<\/div>\n<\/div>\n<style>\n\t\t\t.um-17388.um {\n\t\t\tmax-width: 450px;\n\t\t}\n\t\t<\/style>\n<\/div>\n\t\t\t\t\t\t<\/div>\n\t\t\t\t<\/div>\n\t\t<div class=\"elementor-element elementor-element-7a9aadfb e-con-full e-flex e-con e-child\" data-id=\"7a9aadfb\" data-element_type=\"container\" data-e-type=\"container\">\n\t\t\t\t<div class=\"elementor-element elementor-element-435c8f8 elementor-widget elementor-widget-shortcode\" data-id=\"435c8f8\" data-element_type=\"widget\" data-e-type=\"widget\" data-widget_type=\"shortcode.default\">\n\t\t\t\t\t\t\t<div class=\"elementor-shortcode\">\n<div class=\"wrap plugin-container\">\n\n\t\n\t\n\t\r\n<form action=\"https:\/\/dinhda-karsterlyrock.com\/vi\/danh-sach-dat-phong\/\" method=\"post\">\r\n\t<div class=\"vbsearchorderdiv\">\r\n\t\t<div class=\"vbsearchorderinner\">\r\n\t\t\t<span class=\"vbsearchordertitle\">T\u00ecm ki\u1ebfm \u0111\u1eb7t ph\u00f2ng<\/span>\r\n\t\t<\/div>\r\n\t\t<div class=\"vbo-bookings-list-search\">\r\n\t\t\t<span>M\u00e3 x\u00e1c nh\u1eadn \u0111\u1eb7t ph\u00f2ng ho\u1eb7c m\u00e3 PIN<\/span>\r\n\t\t\t<input type=\"text\" name=\"confirmnumber\" value=\"\" size=\"12\"\/> \r\n\t\t\t<input type=\"submit\" class=\"btn vbsearchordersubmit vbo-pref-color-btn\" name=\"vbsearchorder\" value=\"T\u00ecm ki\u1ebfm\"\/>\r\n\t\t<\/div>\r\n\t<\/div>\r\n<\/form>\r\n\r\n\n<\/div>\n<\/div>\n\t\t\t\t\t\t<\/div>\n\t\t\t\t<div class=\"elementor-element elementor-element-ce6067e elementor-widget elementor-widget-html\" data-id=\"ce6067e\" data-element_type=\"widget\" data-e-type=\"widget\" data-widget_type=\"html.default\">\n\t\t\t\t\t<!-- \r\n  Phi\u00ean b\u1ea3n ti\u1ebfng Vi\u1ec7t: H\u01b0\u1edbng d\u1eabn gi\u00fap kh\u00e1ch t\u00ecm \u0111\u1eb7t ph\u00f2ng.\r\n  D\u00e1n HTML n\u00e0y v\u00e0o tr\u00ecnh ch\u1ec9nh s\u1eeda trang c\u1ee7a b\u1ea1n, ngay ph\u00eda tr\u00ean c\u00e1c tr\u01b0\u1eddng t\u00ecm ki\u1ebfm c\u1ee7a VikBooking.\r\n-->\r\n<style>\r\n    \/* Wrapper for the entire guide *\/\r\n    .find-booking-guide {\r\n        background-color: #f9f9f9;\r\n        border-radius: 8px;\r\n        border: 1px solid #eee;\r\n        margin-bottom: 30px; \/* Space below the guide *\/\r\n        overflow: hidden; \/* Contains the border-radius *\/\r\n        box-sizing: border-box;\r\n    }\r\n\r\n    \/* Flex container for side-by-side layout *\/\r\n    .find-booking-guide-flex {\r\n        display: flex;\r\n        flex-wrap: wrap; \/* Allows stacking on mobile *\/\r\n        align-items: center;\r\n    }\r\n\r\n    \/* Image block *\/\r\n    .find-booking-guide-image {\r\n        flex: 1 1 300px; \/* Flex-grow, flex-shrink, and flex-basis *\/\r\n        min-width: 280px; \/* Prevents image from getting too small *\/\r\n    }\r\n\r\n    .find-booking-guide-image img {\r\n        width: 100%;\r\n        height: 100%;\r\n        object-fit: cover;\r\n        display: block; \/* Removes any bottom space *\/\r\n    }\r\n\r\n    \/* Text content block *\/\r\n    .find-booking-guide-content {\r\n        flex: 1 1 400px; \/* Takes up more space, but will wrap *\/\r\n        padding: 30px;\r\n        box-sizing: border-box;\r\n    }\r\n\r\n    .find-booking-guide-content h4 {\r\n        margin-top: 0;\r\n        margin-bottom: 15px;\r\n        font-size: 1.3rem;\r\n    }\r\n\r\n    .find-booking-guide-content p {\r\n        margin-top: 0;\r\n        margin-bottom: 15px;\r\n        color: #333;\r\n        line-height: 1.5;\r\n    }\r\n\r\n    .find-booking-guide-content ul {\r\n        list-style-type: none;\r\n        padding-left: 0;\r\n        margin: 0;\r\n    }\r\n\r\n    .find-booking-guide-content li {\r\n        display: flex;\r\n        align-items: flex-start;\r\n        margin-bottom: 12px;\r\n        line-height: 1.6;\r\n    }\r\n\r\n    .find-booking-guide-content li:last-child {\r\n        margin-bottom: 0;\r\n    }\r\n\r\n    .find-booking-guide-content i {\r\n        margin-right: 12px;\r\n        width: 20px;\r\n        text-align: center;\r\n        color: #555;\r\n        padding-top: 5px; \/* Aligns icon with the first line of text *\/\r\n        flex-shrink: 0;\r\n    }\r\n\r\n    .find-booking-guide-content span {\r\n        flex: 1;\r\n    }\r\n\r\n    \/* Mobile responsiveness: Stack layout *\/\r\n    @media (max-width: 768px) {\r\n        .find-booking-guide-flex {\r\n            flex-direction: column; \/* Stack vertically *\/\r\n        }\r\n        \r\n        .find-booking-guide-image {\r\n            width: 100%;\r\n            height: 200px; \/* Give a fixed height for the image on mobile *\/\r\n        }\r\n\r\n        .find-booking-guide-content {\r\n            padding: 25px; \/* Slightly less padding on mobile *\/\r\n        }\r\n    }\r\n<\/style>\r\n\r\n<div class=\"find-booking-guide\">\r\n    <div class=\"find-booking-guide-flex\">\r\n        \r\n        <!-- Image Column -->\r\n        <div class=\"find-booking-guide-image\">\r\n            <img decoding=\"async\" src=\"https:\/\/dinhda-karsterlyrock.com\/wp-content\/uploads\/2025\/11\/Screenshot-2025-11-09-135035.webp\" alt=\"Phong c\u1ea3nh H\u00e0 Giang\">\r\n        <\/div>\r\n        \r\n        <!-- Text Column -->\r\n        <div class=\"find-booking-guide-content\">\r\n            <h4>C\u00e1ch T\u00ecm \u0110\u1eb7t Ph\u00f2ng C\u1ee7a B\u1ea1n<\/h4>\r\n            <p>\u0110\u1ec3 xem l\u1ea1i, qu\u1ea3n l\u00fd ho\u1eb7c h\u1ee7y \u0111\u1eb7t ph\u00f2ng, b\u1ea1n ch\u1ec9 c\u1ea7n m\u00e3 code duy nh\u1ea5t ch\u00fang t\u00f4i \u0111\u00e3 g\u1eedi qua email.<\/p>\r\n            <ul>\r\n                <li>\r\n                    <i class=\"fa fa-envelope-o\"><\/i>\r\n                    <span>Ki\u1ec3m tra <strong>email x\u00e1c nh\u1eadn<\/strong> b\u1ea1n nh\u1eadn \u0111\u01b0\u1ee3c sau khi \u0111\u1eb7t ph\u00f2ng.<\/span>\r\n                <\/li>\r\n                <li>\r\n                    <i class=\"fa fa-ticket\"><\/i>\r\n                    <span>T\u00ecm <strong>M\u00e3 X\u00e1c Nh\u1eadn<\/strong> ho\u1eb7c <strong>M\u00e3 PIN<\/strong> trong email \u0111\u00f3.<\/span>\r\n                <\/li>\r\n                <li>\r\n                    <i class=\"fa fa-keyboard-o\"><\/i>\r\n                    <span>Nh\u1eadp m\u00e3 \u0111\u00f3 v\u00e0o \u00f4 t\u00ecm ki\u1ebfm b\u00ean d\u01b0\u1edbi.<\/span>\r\n                <\/li>\r\n                <li>\r\n                    <i class=\"fa fa-search\"><\/i>\r\n                    <span>Nh\u1ea5n <strong>T\u00ecm Ki\u1ebfm<\/strong> \u0111\u1ec3 xem chi ti\u1ebft \u0111\u1eb7t ph\u00f2ng c\u1ee7a b\u1ea1n.<\/span>\r\n                <\/li>\r\n            <\/ul>\r\n        <\/div>\r\n        \r\n    <\/div>\r\n<\/div>\t\t\t\t<\/div>\n\t\t\t\t<\/div>\n\t\t\t\t\t<\/div>\n\t\t\t\t<\/div>\n\t\t\t\t<\/div>\n\t\t","protected":false},"excerpt":{"rendered":"<p>C\u00e1ch T\u00ecm \u0110\u1eb7t Ph\u00f2ng C\u1ee7a B\u1ea1n \u0110\u1ec3 xem l\u1ea1i, qu\u1ea3n l\u00fd ho\u1eb7c h\u1ee7y \u0111\u1eb7t ph\u00f2ng, b\u1ea1n ch\u1ec9 c\u1ea7n m\u00e3 code duy nh\u1ea5t ch\u00fang t\u00f4i \u0111\u00e3 g\u1eedi qua email. Ki\u1ec3m tra email x\u00e1c nh\u1eadn b\u1ea1n nh\u1eadn \u0111\u01b0\u1ee3c sau khi \u0111\u1eb7t ph\u00f2ng. T\u00ecm M\u00e3 X\u00e1c Nh\u1eadn ho\u1eb7c M\u00e3 PIN trong email \u0111\u00f3. Nh\u1eadp m\u00e3 \u0111\u00f3 v\u00e0o \u00f4 [&hellip;]<\/p>\n","protected":false},"author":2,"featured_media":0,"parent":0,"menu_order":0,"comment_status":"closed","ping_status":"closed","template":"","meta":{"footnotes":""},"class_list":["post-16829","page","type-page","status-publish","hentry"],"_links":{"self":[{"href":"https:\/\/dinhda-karsterlyrock.com\/vi\/wp-json\/wp\/v2\/pages\/16829","targetHints":{"allow":["GET"]}}],"collection":[{"href":"https:\/\/dinhda-karsterlyrock.com\/vi\/wp-json\/wp\/v2\/pages"}],"about":[{"href":"https:\/\/dinhda-karsterlyrock.com\/vi\/wp-json\/wp\/v2\/types\/page"}],"author":[{"embeddable":true,"href":"https:\/\/dinhda-karsterlyrock.com\/vi\/wp-json\/wp\/v2\/users\/2"}],"replies":[{"embeddable":true,"href":"https:\/\/dinhda-karsterlyrock.com\/vi\/wp-json\/wp\/v2\/comments?post=16829"}],"version-history":[{"count":0,"href":"https:\/\/dinhda-karsterlyrock.com\/vi\/wp-json\/wp\/v2\/pages\/16829\/revisions"}],"wp:attachment":[{"href":"https:\/\/dinhda-karsterlyrock.com\/vi\/wp-json\/wp\/v2\/media?parent=16829"}],"curies":[{"name":"wp","href":"https:\/\/api.w.org\/{rel}","templated":true}]}}