{"id":1132,"date":"2023-07-31T05:55:52","date_gmt":"2023-07-31T05:55:52","guid":{"rendered":"https:\/\/dinhda-karsterlyrock.com\/?page_id=1132"},"modified":"2026-01-07T08:56:26","modified_gmt":"2026-01-07T01:56:26","slug":"gioi-thieu-ve-doanh-nghiep","status":"publish","type":"page","link":"https:\/\/dinhda-karsterlyrock.com\/vi\/gioi-thieu-ve-doanh-nghiep\/","title":{"rendered":"Gi\u1edbi Thi\u1ec7u V\u1ec1 Doanh Nghi\u1ec7p"},"content":{"rendered":"\t\t<div data-elementor-type=\"wp-page\" data-elementor-id=\"1132\" class=\"elementor elementor-1132\" data-elementor-post-type=\"page\">\n\t\t\t\t<div class=\"elementor-element elementor-element-3eca75c1 e-flex e-con-boxed e-con e-parent\" data-id=\"3eca75c1\" data-element_type=\"container\" data-e-type=\"container\">\n\t\t\t\t\t<div class=\"e-con-inner\">\n\t\t\t\t<div class=\"elementor-element elementor-element-eec7e64 elementor-widget elementor-widget-html\" data-id=\"eec7e64\" data-element_type=\"widget\" data-e-type=\"widget\" data-widget_type=\"html.default\">\n\t\t\t\t\t<div style=\"font-family: inherit; color: inherit; line-height: 1.6; max-width: 1110px; margin: 0 auto; font-size: 15px;\">\r\n\r\n    <!-- PH\u1ea6N 1: GI\u1edaI THI\u1ec6U & CH\u1ee6 S\u1ede H\u1eeeU -->\r\n    <div style=\"margin-bottom: 30px; border-bottom: 1px solid #ddd; padding-bottom: 20px;\">\r\n        <p style=\"margin-bottom: 15px; font-style: italic;\">\r\n            Website dinhda-karsterlyrock.com l\u00e0 trang \u0111\u1eb7t ph\u00f2ng, ni\u00eam y\u1ebft gi\u00e1 ph\u00f2ng c\u1ee7a kh\u00e1ch s\u1ea1n Dinh \u0110\u00e1 H'M\u00f4ng - Karsterly Rock Lodge.\r\n        <\/p>\r\n        \r\n        <h2 style=\"font-size: 1.2rem; text-transform: uppercase; margin-bottom: 15px; border-left: 4px solid #000; padding-left: 10px; color: #333;\">\r\n            Ch\u1ee7 S\u1edf H\u1eefu\r\n        <\/h2>\r\n        \r\n        <div style=\"display: flex; flex-wrap: wrap; gap: 10px 20px;\">\r\n            <div style=\"flex: 1 1 100%;\">\r\n                <strong>H\u1ed9 kinh doanh Tr\u1ea7n Minh Th\u00e1i<\/strong> | MST: 5100412006\r\n            <\/div>\r\n            \r\n            <div style=\"flex: 1 1 100%;\">\r\n                <strong>S\u0110T Ph\u1ee5 tr\u00e1ch n\u1ed9i dung\/Qu\u1ea3n tr\u1ecb web:<\/strong> 0335728959\r\n            <\/div>\r\n            <div style=\"flex: 1 1 100%;\">\r\n                 <strong>Website:<\/strong> <a href=\"https:\/\/dinhda-karsterlyrock.com\/vi\" style=\"color: #000; text-decoration: none;\">dinhda-karsterlyrock.com<\/a>\r\n            <\/div>\r\n            <div style=\"flex: 1 1 100%;\">\r\n                <strong>\u0110\u1ecba ch\u1ec9 GPDKKD:<\/strong> X\u00f3m Ch\u00fang P\u1ea3 A, X\u00e3 M\u00e8o V\u1ea1c, Huy\u1ec7n M\u00e8o V\u1ea1c, T\u1ec9nh Tuy\u00ean Quang\r\n            <\/div>\r\n        <\/div>\r\n    <\/div>\r\n\r\n    <!-- PH\u1ea6N 2: \u0110\u1ecaA \u0110I\u1ec2M KINH DOANH (CHIA C\u1ed8T) -->\r\n    <div style=\"display: flex; flex-wrap: wrap; gap: 30px; margin-bottom: 30px;\">\r\n        \r\n        <!-- C\u1ed9t 1: Dinh \u0110\u00e1 -->\r\n        <div style=\"flex: 1 1 400px; background: rgba(0,0,0,0.02); padding: 20px; border-radius: 8px;\">\r\n            <h3 style=\"margin-top: 0; font-size: 1.1rem; color: #000; margin-bottom: 15px; font-weight: bold;\">\r\n                DINH \u0110\u00c1 H'M\u00d4NG - KARSTERLY ROCK LODGE\r\n            <\/h3>\r\n            <p style=\"margin: 0 0 10px 0;\">\r\n                <strong>\u0110\u1ecba ch\u1ec9:<\/strong> Th\u00f4n Ng\u00e0i L\u1ee7ng, X\u00e3 \u0110\u1ed3ng V\u0103n, T\u1ec9nh Tuy\u00ean Quang\r\n            <\/p>\r\n            <p style=\"margin: 0 0 10px 0;\">\r\n                <strong>S\u1ed1 gi\u1ea5y t\u1edd:<\/strong> 10B8002014 (C\u1ea5p t\u1ea1i Ph\u00f2ng T\u00e0i Ch\u00ednh \u2013 KH X\u00e3 \u0110\u1ed3ng V\u0103n)\r\n            <\/p>\r\n            <p style=\"margin: 0 0 10px 0;\">\r\n                <strong>MST \u0111\u1ecba \u0111i\u1ec3m KD:<\/strong> 5100412006-001\r\n            <\/p>\r\n            <p style=\"margin: 0 0 10px 0; font-size: 1.1em;\">\r\n                <strong>Hotline:<\/strong> <a href=\"tel:0842202122\" style=\"color: #000; font-weight: bold; text-decoration: none;\">0842 202 122<\/a>\r\n            <\/p>\r\n            <p style=\"margin: 0;\">\r\n                <strong>Email:<\/strong> <a href=\"mailto:info@dinhda-karsterlyrock.com\" style=\"text-decoration: none; color: inherit;\">info@dinhda-karsterlyrock.com<\/a>\r\n            <\/p>\r\n        <\/div>\r\n\r\n        <!-- C\u1ed9t 2: Ch\u00fang P\u1ee7a -->\r\n        <div style=\"flex: 1 1 400px; background: rgba(0,0,0,0.02); padding: 20px; border-radius: 8px;\">\r\n            <h3 style=\"margin-top: 0; font-size: 1.1rem; color: #000; margin-bottom: 15px; font-weight: bold;\">\r\n                CH\u00daNG P\u1ee6A (AUBERGE DE MEO VAC)\r\n            <\/h3>\r\n            <p style=\"margin: 0 0 10px 0;\">\r\n                <strong>\u0110\u1ecba ch\u1ec9:<\/strong> X\u00f3m Ch\u00fang P\u1ea3 A, X\u00e3 M\u00e8o V\u1ea1c, T\u1ec9nh Tuy\u00ean Quang\r\n            <\/p>\r\n            <p style=\"margin: 0 0 10px 0;\">\r\n                <strong>S\u1ed1 gi\u1ea5y t\u1edd:<\/strong> 6556 (C\u1ea5p t\u1ea1i Ph\u00f2ng T\u00e0i Ch\u00ednh - KH X\u00e3 M\u00e8o V\u1ea1c)\r\n            <\/p>\r\n            <p style=\"margin: 0 0 10px 0; font-size: 1.1em;\">\r\n                <strong>Hotline:<\/strong> <a href=\"tel:0372222323\" style=\"color: #000; font-weight: bold; text-decoration: none;\">0372 222 323<\/a>\r\n            <\/p>\r\n            <p style=\"margin: 0 0 10px 0;\">\r\n                <strong>Email:<\/strong> <a href=\"mailto:aubergemeovac@gmail.com\" style=\"text-decoration: none; color: inherit;\">aubergemeovac@gmail.com<\/a>\r\n            <\/p>\r\n            <p style=\"margin: 0; font-style: italic; font-size: 0.9em; opacity: 0.8;\">\r\n                (Ch\u1ec9 d\u00e0nh cho \u0111\u1eb7t ph\u00f2ng t\u1ea1i Ch\u00fang P\u1ee7a - <a href=\"http:\/\/chungpua.com\/\" style=\"text-decoration: underline; color: inherit;\" rel=\"nofollow noopener\" target=\"_blank\">B\u1ea5m v\u00e0o \u0111\u00e2y \u0111\u1ec3 \u0111\u1eb7t ph\u00f2ng<\/a>)\r\n            <\/p>\r\n        <\/div>\r\n    <\/div>\r\n\r\n    <!-- PH\u1ea6N 3: LOGO B\u1ed8 C\u00d4NG TH\u01af\u01a0NG -->\r\n    <div style=\"text-align: center; margin-top: 20px;\">\r\n        <a href=\"http:\/\/online.gov.vn\/Home\/WebDetails\/107771?AspxAutoDetectCookieSupport=1\" target=\"_blank\" rel=\"nofollow noopener\">\r\n            <img decoding=\"async\" src=\"https:\/\/dinhda-karsterlyrock.com\/wp-content\/uploads\/2023\/06\/logoSaleNoti.png\" alt=\"\u0110\u00e3 th\u00f4ng b\u00e1o B\u1ed9 C\u00f4ng Th\u01b0\u01a1ng\" style=\"width: 150px; height: auto; transition: opacity 0.3s;\" onmouseover=\"this.style.opacity='0.8'\" onmouseout=\"this.style.opacity='1'\">\r\n        <\/a>\r\n    <\/div>\r\n\r\n<\/div>\t\t\t\t<\/div>\n\t\t\t\t\t<\/div>\n\t\t\t\t<\/div>\n\t\t\t\t<\/div>\n\t\t","protected":false},"excerpt":{"rendered":"<p>Website dinhda-karsterlyrock.com l\u00e0 trang \u0111\u1eb7t ph\u00f2ng, ni\u00eam y\u1ebft gi\u00e1 ph\u00f2ng c\u1ee7a kh\u00e1ch s\u1ea1n Dinh \u0110\u00e1 H&#8217;M\u00f4ng &#8211; Karsterly Rock Lodge. Ch\u1ee7 S\u1edf H\u1eefu H\u1ed9 kinh doanh Tr\u1ea7n Minh Th\u00e1i | MST: 5100412006 S\u0110T Ph\u1ee5 tr\u00e1ch n\u1ed9i dung\/Qu\u1ea3n tr\u1ecb web: 0335728959 Website: dinhda-karsterlyrock.com \u0110\u1ecba ch\u1ec9 GPDKKD: X\u00f3m Ch\u00fang P\u1ea3 A, X\u00e3 M\u00e8o V\u1ea1c, Huy\u1ec7n M\u00e8o V\u1ea1c, [&hellip;]<\/p>\n","protected":false},"author":2,"featured_media":0,"parent":0,"menu_order":0,"comment_status":"closed","ping_status":"closed","template":"elementor_theme","meta":{"footnotes":""},"class_list":["post-1132","page","type-page","status-publish","hentry"],"_links":{"self":[{"href":"https:\/\/dinhda-karsterlyrock.com\/vi\/wp-json\/wp\/v2\/pages\/1132","targetHints":{"allow":["GET"]}}],"collection":[{"href":"https:\/\/dinhda-karsterlyrock.com\/vi\/wp-json\/wp\/v2\/pages"}],"about":[{"href":"https:\/\/dinhda-karsterlyrock.com\/vi\/wp-json\/wp\/v2\/types\/page"}],"author":[{"embeddable":true,"href":"https:\/\/dinhda-karsterlyrock.com\/vi\/wp-json\/wp\/v2\/users\/2"}],"replies":[{"embeddable":true,"href":"https:\/\/dinhda-karsterlyrock.com\/vi\/wp-json\/wp\/v2\/comments?post=1132"}],"version-history":[{"count":0,"href":"https:\/\/dinhda-karsterlyrock.com\/vi\/wp-json\/wp\/v2\/pages\/1132\/revisions"}],"wp:attachment":[{"href":"https:\/\/dinhda-karsterlyrock.com\/vi\/wp-json\/wp\/v2\/media?parent=1132"}],"curies":[{"name":"wp","href":"https:\/\/api.w.org\/{rel}","templated":true}]}}